{"id":3991,"date":"2019-02-21T17:23:05","date_gmt":"2019-02-21T16:23:05","guid":{"rendered":"http:\/\/www.farmacia-italiana.it\/?page_id=3991"},"modified":"2019-07-28T19:07:06","modified_gmt":"2019-07-28T17:07:06","slug":"homepage","status":"publish","type":"page","link":"https:\/\/www.farmacia-italiana.it\/de\/","title":{"rendered":"Homepage"},"content":{"rendered":"<p>[vc_row padding_top_multiplier=&#8220;3x&#8220; padding_bottom_multiplier=&#8220;3x&#8220; columns_gap=&#8220;5&#8243; equal_column_height=&#8220;middle-content&#8220;][vc_column vertical_content_position=&#8220;middle&#8220;]<h2 class=\"eut-element eut-title eut-align-center eut-animated-item eut-fade-in eut-duration-normal eut-h2 primary-text\" style=\"\" data-delay=\"200\"><span>Dienstleistungen<\/span><\/h2><h4 class=\"eut-element eut-title eut-align-center eut-animated-item eut-fade-in eut-duration-normal eut-h4 primary-text\" style=\"\" data-delay=\"200\"><span>Farmacia Italiana h\u00f6rt seinen Kunden in jeder Phase zu, ber\u00e4t sie und unterst\u00fctzt sie.<\/span><\/h4><div class=\"eut-empty-space eut-height-2x\" style=\"\"><\/div>[vc_row_inner el_class=&#8220;eut-margin-bottom-sm services-img text-center&#8220;][vc_column_inner width=&#8220;1\/4&#8243;]<div class=\"eut-element eut-box eut-align-center eut-animated-item eut-fade-in-up eut-duration-normal\" style=\"\" data-delay=\"600\"><figure class=\"eut-image-hover eut-zoom-none\">\t<div class=\"eut-media\">\t\t<div class=\"eut-bg-light eut-hover-overlay eut-opacity-0\"><\/div><img width=\"1\" height=\"1\" src=\"https:\/\/www.farmacia-italiana.it\/wp-content\/uploads\/2019\/02\/identity.svg\" class=\"attachment-thumbnail size-thumbnail\" alt=\"\" loading=\"lazy\" \/>\t<\/div><\/figure>  <div class=\"eut-box-content\"><h4 class=\"eut-box-title eut-h4\">Identity<\/h4>    <p>Die Marke herausstellen, um ein einschneidendes und koh\u00e4rentes Image zu bieten<\/p>  <\/div><\/div>[\/vc_column_inner][vc_column_inner width=&#8220;1\/2&#8243; el_id=&#8220;project-box&#8220;]<div class=\"eut-element eut-box eut-align-center eut-animated-item eut-fade-in-up eut-duration-normal\" style=\"\" data-delay=\"400\"><figure class=\"eut-image-hover eut-zoom-none\">\t<div class=\"eut-media\">\t\t<div class=\"eut-bg-light eut-hover-overlay eut-opacity-0\"><\/div><img width=\"1\" height=\"1\" src=\"https:\/\/www.farmacia-italiana.it\/wp-content\/uploads\/2019\/02\/project.svg\" class=\"attachment-thumbnail size-thumbnail\" alt=\"\" loading=\"lazy\" \/>\t<\/div><\/figure>  <div class=\"eut-box-content\"><h3 class=\"eut-box-title eut-h3\">Planung und Gestaltung<\/h3>    <p>Den Raum f\u00fcr eine freundliche und funktionale Apotheke gestalten<\/p>  <\/div><\/div>[\/vc_column_inner][vc_column_inner width=&#8220;1\/4&#8243;]<div class=\"eut-element eut-box eut-align-center eut-animated-item eut-fade-in-up eut-duration-normal\" style=\"\" data-delay=\"400\"><figure class=\"eut-image-hover eut-zoom-none\">\t<div class=\"eut-media\">\t\t<div class=\"eut-bg-light eut-hover-overlay eut-opacity-0\"><\/div><img width=\"1\" height=\"1\" src=\"https:\/\/www.farmacia-italiana.it\/wp-content\/uploads\/2019\/02\/restyling.svg\" class=\"attachment-thumbnail size-thumbnail\" alt=\"\" loading=\"lazy\" \/>\t<\/div><\/figure>  <div class=\"eut-box-content\"><h4 class=\"eut-box-title eut-h4\">Marketing<\/h4>    <p>Berichte \u00fcber die Verkaufsleistung und vergleichende Analysen erstellen<\/p>  <\/div><\/div>[\/vc_column_inner][\/vc_row_inner]<div class=\"eut-empty-space eut-height-1x\" style=\"\"><\/div><div class=\"eut-element eut-align-center\"><a href=\"http:\/\/www.farmacia-italiana.it\/de\/servizi\/\" title=\"Entdecken sie unsere dienstleistungen\" class=\"eut-btn eut-btn-large eut-extra-round eut-bg-black eut-bg-hover-black eut-btn-line\"><span>Entdecken sie unsere dienstleistungen<\/span><\/a><\/div>[\/vc_column][\/vc_row][vc_row section_full_height=&#8220;fullheight&#8220; bg_type=&#8220;image&#8220; bg_image=&#8220;4424&#8243; bg_image_size=&#8220;full&#8220; bg_position=&#8220;right-top&#8220; padding_top_multiplier=&#8220;4x&#8220; padding_bottom_multiplier=&#8220;3x&#8220; equal_column_height=&#8220;middle-content&#8220;][vc_column width=&#8220;1\/2&#8243;]<h2 class=\"eut-element eut-title eut-align-left eut-animated-item eut-fade-in eut-duration-normal eut-h2\" style=\"\" data-delay=\"200\"><span>Produkte<\/span><\/h2><h5 class=\"eut-element eut-title eut-align-left eut-animated-item eut-fade-in eut-duration-normal eut-h5\" style=\"\" data-delay=\"200\"><span>NEUE IDEEN F\u00dcR DIE AUSSTELLUNG<\/span><\/h5><div class=\"eut-element eut-align-left eut-animated-item eut-fade-in eut-duration-normal eut-margin-top-sm\" data-delay=\"200\"><a href=\"http:\/\/www.farmacia-italiana.it\/de\/prodotti\/\" title=\"ENTDECKEN SIE DIE NEUE KOLLEKTION\" class=\"eut-btn eut-btn-large eut-extra-round eut-bg-black eut-bg-hover-black eut-btn-line\"><span>ENTDECKEN SIE DIE NEUE KOLLEKTION<\/span><\/a><\/div>[\/vc_column][vc_column width=&#8220;1\/2&#8243;][\/vc_column][\/vc_row][vc_row section_type=&#8220;fullwidth&#8220; bg_type=&#8220;color&#8220; padding_top_multiplier=&#8220;4x&#8220; padding_bottom_multiplier=&#8220;4x&#8220;][vc_column]<h2 class=\"eut-element eut-title eut-align-center eut-animated-item eut-fade-in eut-duration-normal eut-h2\" style=\"\" data-delay=\"200\"><span>Realisierte Projekte<\/span><\/h2><h5 class=\"eut-element eut-title eut-align-center eut-animated-item eut-fade-in eut-duration-normal eut-h5\" style=\"\" data-delay=\"200\"><span>KONKRETE PROJEKT, DIE EINE ANTWORT F\u00dcR JEDE ANFORDERUNG HABEN<\/span><\/h5><div class=\"eut-empty-space eut-height-2x\" style=\"\"><\/div>\n\t\t\t<!-- START Realizzazioni REVOLUTION SLIDER 6.2.6 --><p class=\"rs-p-wp-fix\"><\/p>\n\t\t\t<rs-module-wrap id=\"rev_slider_5_1_wrapper\" data-source=\"gallery\" style=\"background:transparent;padding:0;margin:0px auto;margin-top:0;margin-bottom:0;\">\n\t\t\t\t<rs-module id=\"rev_slider_5_1\" class=\" rs-ov-hidden\" style=\"\" data-version=\"6.2.6\">\n\t\t\t\t\t<rs-slides>\n\t\t\t\t\t\t<rs-slide data-key=\"rs-5\" data-title=\"Slide\" data-thumb=\"\/\/www.farmacia-italiana.it\/wp-content\/uploads\/2019\/04\/h01-100x50.jpg\" data-anim=\"ei:d;eo:d;s:600;r:0;t:fade;sl:d;\">\n\t\t\t\t\t\t\t<img src=\"\/\/www.farmacia-italiana.it\/wp-content\/uploads\/2019\/04\/h01.jpg\" title=\"Homepage\" class=\"rev-slidebg\" data-no-retina>\n<!---->\t\t\t\t\t\t<\/rs-slide>\n\t\t\t\t\t\t<rs-slide data-key=\"rs-6\" data-title=\"Slide\" data-thumb=\"\/\/www.farmacia-italiana.it\/wp-content\/uploads\/2019\/04\/h02-100x50.jpg\" data-anim=\"ei:d;eo:d;s:600;r:0;t:fade;sl:d;\">\n\t\t\t\t\t\t\t<img src=\"\/\/www.farmacia-italiana.it\/wp-content\/uploads\/2019\/04\/h02.jpg\" title=\"Homepage\" class=\"rev-slidebg\" data-no-retina>\n<!---->\t\t\t\t\t\t<\/rs-slide>\n\t\t\t\t\t\t<rs-slide data-key=\"rs-7\" data-title=\"Slide\" data-thumb=\"\/\/www.farmacia-italiana.it\/wp-content\/uploads\/2019\/04\/h03-100x50.jpg\" data-anim=\"ei:d;eo:d;s:600;r:0;t:fade;sl:d;\">\n\t\t\t\t\t\t\t<img src=\"\/\/www.farmacia-italiana.it\/wp-content\/uploads\/2019\/04\/h03.jpg\" title=\"Homepage\" class=\"rev-slidebg\" data-no-retina>\n<!---->\t\t\t\t\t\t<\/rs-slide>\n\t\t\t\t\t<\/rs-slides>\n\t\t\t\t\t<rs-progress style=\"height: 5px; background: rgba(0,122,255,0.15);\"><\/rs-progress>\n\t\t\t\t<\/rs-module>\n\t\t\t\t<script type=\"text\/javascript\">\n\t\t\t\t\tsetREVStartSize({c: 'rev_slider_5_1',rl:[1240,1024,778,480],el:[],gw:[1240],gh:[600],type:'standard',justify:'',layout:'fullwidth',mh:\"0\"});\n\t\t\t\t\tvar\trevapi5,\n\t\t\t\t\t\ttpj;\n\t\t\t\t\tjQuery(function() {\n\t\t\t\t\t\ttpj = jQuery;\n\t\t\t\t\t\trevapi5 = tpj(\"#rev_slider_5_1\")\n\t\t\t\t\t\tif(revapi5==undefined || revapi5.revolution == undefined){\n\t\t\t\t\t\t\trevslider_showDoubleJqueryError(\"rev_slider_5_1\");\n\t\t\t\t\t\t}else{\n\t\t\t\t\t\t\trevapi5.revolution({\n\t\t\t\t\t\t\t\tsliderLayout:\"fullwidth\",\n\t\t\t\t\t\t\t\tvisibilityLevels:\"1240,1024,778,480\",\n\t\t\t\t\t\t\t\tgridwidth:1240,\n\t\t\t\t\t\t\t\tgridheight:600,\n\t\t\t\t\t\t\t\tautoHeight:true,\n\t\t\t\t\t\t\t\tspinner:\"spinner0\",\n\t\t\t\t\t\t\t\tperspectiveType:\"local\",\n\t\t\t\t\t\t\t\tresponsiveLevels:\"1240,1024,778,480\",\n\t\t\t\t\t\t\t\tnavigation: {\n\t\t\t\t\t\t\t\t\tmouseScrollNavigation:false,\n\t\t\t\t\t\t\t\t\tarrows: {\n\t\t\t\t\t\t\t\t\t\tenable:true,\n\t\t\t\t\t\t\t\t\t\ttmp:\"<div class=\\\"tp-title-wrap\\\">  \t<div class=\\\"tp-arr-imgholder\\\"><\/div> <\/div>\",\n\t\t\t\t\t\t\t\t\t\tstyle:\"zeus\",\n\t\t\t\t\t\t\t\t\t\tleft: {\n\n\t\t\t\t\t\t\t\t\t\t},\n\t\t\t\t\t\t\t\t\t\tright: {\n\n\t\t\t\t\t\t\t\t\t\t}\n\t\t\t\t\t\t\t\t\t}\n\t\t\t\t\t\t\t\t},\n\t\t\t\t\t\t\t\tfallbacks: {\n\t\t\t\t\t\t\t\t\tallowHTML5AutoPlayOnAndroid:true\n\t\t\t\t\t\t\t\t},\n\t\t\t\t\t\t\t});\n\t\t\t\t\t\t}\n\t\t\t\t\t\t\n\t\t\t\t\t});\n\t\t\t\t<\/script>\n\t\t\t\t<script>\n\t\t\t\t\tvar htmlDivCss = unescape(\"%23rev_slider_5_1_wrapper%20.zeus.tparrows%20%7B%0A%20%20cursor%3Apointer%3B%0A%20%20min-width%3A70px%3B%0A%20%20min-height%3A70px%3B%0A%20%20position%3Aabsolute%3B%0A%20%20display%3Ablock%3B%0A%20%20z-index%3A1000%3B%0A%20%20border-radius%3A50%25%3B%20%20%20%0A%20%20overflow%3Ahidden%3B%0A%20%20background%3Argba%280%2C0%2C0%2C0.1%29%3B%0A%7D%0A%0A%23rev_slider_5_1_wrapper%20.zeus.tparrows%3Abefore%20%7B%0A%20%20font-family%3A%20%27revicons%27%3B%0A%20%20font-size%3A20px%3B%0A%20%20color%3A%23ffffff%3B%0A%20%20display%3Ablock%3B%0A%20%20line-height%3A%2070px%3B%0A%20%20text-align%3A%20center%3B%20%20%20%20%0A%20%20z-index%3A2%3B%0A%20%20position%3Arelative%3B%0A%7D%0A%23rev_slider_5_1_wrapper%20.zeus.tparrows.tp-leftarrow%3Abefore%20%7B%0A%20%20content%3A%20%27%5Ce824%27%3B%0A%7D%0A%23rev_slider_5_1_wrapper%20.zeus.tparrows.tp-rightarrow%3Abefore%20%7B%0A%20%20content%3A%20%27%5Ce825%27%3B%0A%7D%0A%0A%23rev_slider_5_1_wrapper%20.zeus%20.tp-title-wrap%20%7B%0A%20%20background%3Argba%280%2C0%2C0%2C0.5%29%3B%0A%20%20width%3A100%25%3B%0A%20%20height%3A100%25%3B%0A%20%20top%3A0px%3B%0A%20%20left%3A0px%3B%0A%20%20position%3Aabsolute%3B%0A%20%20opacity%3A0%3B%0A%20%20transform%3Ascale%280%29%3B%0A%20%20-webkit-transform%3Ascale%280%29%3B%0A%20%20%20transition%3A%20all%200.3s%3B%0A%20%20-webkit-transition%3Aall%200.3s%3B%0A%20%20-moz-transition%3Aall%200.3s%3B%0A%20%20%20border-radius%3A50%25%3B%0A%20%7D%0A%23rev_slider_5_1_wrapper%20.zeus%20.tp-arr-imgholder%20%7B%0A%20%20width%3A100%25%3B%0A%20%20height%3A100%25%3B%0A%20%20position%3Aabsolute%3B%0A%20%20top%3A0px%3B%0A%20%20left%3A0px%3B%0A%20%20background-position%3Acenter%20center%3B%0A%20%20background-size%3Acover%3B%0A%20%20border-radius%3A50%25%3B%0A%20%20transform%3Atranslatex%28-100%25%29%3B%0A%20%20-webkit-transform%3Atranslatex%28-100%25%29%3B%0A%20%20%20transition%3A%20all%200.3s%3B%0A%20%20-webkit-transition%3Aall%200.3s%3B%0A%20%20-moz-transition%3Aall%200.3s%3B%0A%0A%20%7D%0A%23rev_slider_5_1_wrapper%20.zeus.tp-rightarrow%20.tp-arr-imgholder%20%7B%0A%20%20%20%20transform%3Atranslatex%28100%25%29%3B%0A%20%20-webkit-transform%3Atranslatex%28100%25%29%3B%0A%20%20%20%20%20%20%7D%0A%23rev_slider_5_1_wrapper%20.zeus.tparrows%3Ahover%20.tp-arr-imgholder%20%7B%0A%20%20transform%3Atranslatex%280%29%3B%0A%20%20-webkit-transform%3Atranslatex%280%29%3B%0A%20%20opacity%3A1%3B%0A%7D%0A%20%20%20%20%20%20%0A%23rev_slider_5_1_wrapper%20.zeus.tparrows%3Ahover%20.tp-title-wrap%20%7B%0A%20%20transform%3Ascale%281%29%3B%0A%20%20-webkit-transform%3Ascale%281%29%3B%0A%20%20opacity%3A1%3B%0A%7D%0A%20%0A\");\n\t\t\t\t\tvar htmlDiv = document.getElementById('rs-plugin-settings-inline-css');\n\t\t\t\t\tif(htmlDiv) {\n\t\t\t\t\t\thtmlDiv.innerHTML = htmlDiv.innerHTML + htmlDivCss;\n\t\t\t\t\t}else{\n\t\t\t\t\t\tvar htmlDiv = document.createElement('div');\n\t\t\t\t\t\thtmlDiv.innerHTML = '<style>' + htmlDivCss + '<\/style>';\n\t\t\t\t\t\tdocument.getElementsByTagName('head')[0].appendChild(htmlDiv.childNodes[0]);\n\t\t\t\t\t}\n\t\t\t\t<\/script>\n\t\t\t\t<script>\n\t\t\t\t\tvar htmlDivCss = unescape(\"%0A%0A%0A\");\n\t\t\t\t\tvar htmlDiv = document.getElementById('rs-plugin-settings-inline-css');\n\t\t\t\t\tif(htmlDiv) {\n\t\t\t\t\t\thtmlDiv.innerHTML = htmlDiv.innerHTML + htmlDivCss;\n\t\t\t\t\t}else{\n\t\t\t\t\t\tvar htmlDiv = document.createElement('div');\n\t\t\t\t\t\thtmlDiv.innerHTML = '<style>' + htmlDivCss + '<\/style>';\n\t\t\t\t\t\tdocument.getElementsByTagName('head')[0].appendChild(htmlDiv.childNodes[0]);\n\t\t\t\t\t}\n\t\t\t\t<\/script>\n\t\t\t<\/rs-module-wrap>\n\t\t\t<!-- END REVOLUTION SLIDER -->\n<div class=\"eut-empty-space eut-height-1x\" style=\"\"><\/div><div class=\"eut-element eut-align-center eut-margin-top-sm\"><a href=\"http:\/\/www.farmacia-italiana.it\/de\/realizzazioni\/\" title=\"LASSEN SIE SICH INSPIRIEREN\" class=\"eut-btn eut-btn-large eut-extra-round eut-bg-black eut-bg-hover-black eut-btn-line\"><span>LASSEN SIE SICH INSPIRIEREN<\/span><\/a><\/div>[\/vc_column][\/vc_row][vc_row bg_type=&#8220;color&#8220; padding_top_multiplier=&#8220;3x&#8220; padding_bottom_multiplier=&#8220;3x&#8220; bg_color=&#8220;#e5e5e5&#8243;][vc_column]<div class=\"eut-element eut-image-text eut-layout-1 eut-align-left\" style=\"\"><div class=\"eut-image eut-position-left\"><img width=\"1363\" height=\"1149\" src=\"https:\/\/www.farmacia-italiana.it\/wp-content\/uploads\/2019\/04\/showroom-e1554928590353.jpg\" class=\"attachment-full size-full\" alt=\"\" loading=\"lazy\" srcset=\"https:\/\/www.farmacia-italiana.it\/wp-content\/uploads\/2019\/04\/showroom-e1554928590353.jpg 1363w, https:\/\/www.farmacia-italiana.it\/wp-content\/uploads\/2019\/04\/showroom-e1554928590353-300x253.jpg 300w, https:\/\/www.farmacia-italiana.it\/wp-content\/uploads\/2019\/04\/showroom-e1554928590353-768x647.jpg 768w, https:\/\/www.farmacia-italiana.it\/wp-content\/uploads\/2019\/04\/showroom-e1554928590353-1024x863.jpg 1024w\" sizes=\"(max-width: 1363px) 100vw, 1363px\" \/><\/div>  <div class=\"eut-content eut-position-right eut-align-left\"><h3 class=\"eut-title eut-heading-color eut-h3\">Showroom<\/h3>  <p class=\"eut-description\"><strong>L\u00f6sungen zum Entdecken.<\/strong><br \/>\nKommen Sie und besuchen sie unseren Showroom in Piovene Rocchette (VII) oder den Ausstellungsraum in Cinisello Balsamo (MI), um unsere Produkte von Nahem zu sehen und sich mit uns gemeinsam Ihre neue Apotheke auszudenken.<\/p><a href=\"http:\/\/www.farmacia-italiana.it\/de\/contatti\/\" title=\"Contatti\" class=\"eut-link-text eut-read-more eut-btn eut-btn-large eut-extra-round eut-bg-black eut-bg-hover-black eut-btn-line\">KONTAKTIEREN SIE UNS F\u00dcR EINEN TERMIN<\/a>  <\/div><\/div>[\/vc_column][\/vc_row]<\/p>\n","protected":false},"excerpt":{"rendered":"<p>[vc_row padding_top_multiplier=&#8220;3x&#8220; padding_bottom_multiplier=&#8220;3x&#8220; columns_gap=&#8220;5&#8243; equal_column_height=&#8220;middle-content&#8220;][vc_column vertical_content_position=&#8220;middle&#8220;][vc_row_inner el_class=&#8220;eut-margin-bottom-sm services-img text-center&#8220;][vc_column_inner width=&#8220;1\/4&#8243;][\/vc_column_inner][vc_column_inner width=&#8220;1\/2&#8243; el_id=&#8220;project-box&#8220;][\/vc_column_inner][vc_column_inner width=&#8220;1\/4&#8243;][\/vc_column_inner][\/vc_row_inner][\/vc_column][\/vc_row][vc_row section_full_height=&#8220;fullheight&#8220; bg_type=&#8220;image&#8220; bg_image=&#8220;4424&#8243; bg_image_size=&#8220;full&#8220; bg_position=&#8220;right-top&#8220; padding_top_multiplier=&#8220;4x&#8220; padding_bottom_multiplier=&#8220;3x&#8220; equal_column_height=&#8220;middle-content&#8220;][vc_column width=&#8220;1\/2&#8243;][\/vc_column][vc_column width=&#8220;1\/2&#8243;][\/vc_column][\/vc_row][vc_row section_type=&#8220;fullwidth&#8220; bg_type=&#8220;color&#8220; padding_top_multiplier=&#8220;4x&#8220; padding_bottom_multiplier=&#8220;4x&#8220;][vc_column][\/vc_column][\/vc_row][vc_row bg_type=&#8220;color&#8220; padding_top_multiplier=&#8220;3x&#8220; padding_bottom_multiplier=&#8220;3x&#8220; bg_color=&#8220;#e5e5e5&#8243;][vc_column][\/vc_column][\/vc_row]<\/p>\n","protected":false},"author":1,"featured_media":0,"parent":0,"menu_order":0,"comment_status":"closed","ping_status":"closed","template":"page-templates\/template-section-nav.php","meta":[],"_links":{"self":[{"href":"https:\/\/www.farmacia-italiana.it\/de\/wp-json\/wp\/v2\/pages\/3991"}],"collection":[{"href":"https:\/\/www.farmacia-italiana.it\/de\/wp-json\/wp\/v2\/pages"}],"about":[{"href":"https:\/\/www.farmacia-italiana.it\/de\/wp-json\/wp\/v2\/types\/page"}],"author":[{"embeddable":true,"href":"https:\/\/www.farmacia-italiana.it\/de\/wp-json\/wp\/v2\/users\/1"}],"replies":[{"embeddable":true,"href":"https:\/\/www.farmacia-italiana.it\/de\/wp-json\/wp\/v2\/comments?post=3991"}],"version-history":[{"count":16,"href":"https:\/\/www.farmacia-italiana.it\/de\/wp-json\/wp\/v2\/pages\/3991\/revisions"}],"predecessor-version":[{"id":4571,"href":"https:\/\/www.farmacia-italiana.it\/de\/wp-json\/wp\/v2\/pages\/3991\/revisions\/4571"}],"wp:attachment":[{"href":"https:\/\/www.farmacia-italiana.it\/de\/wp-json\/wp\/v2\/media?parent=3991"}],"curies":[{"name":"wp","href":"https:\/\/api.w.org\/{rel}","templated":true}]}}