{"id":3995,"date":"2019-02-21T17:36:54","date_gmt":"2019-02-21T16:36:54","guid":{"rendered":"http:\/\/www.farmacia-italiana.it\/?page_id=3995"},"modified":"2019-07-28T19:20:10","modified_gmt":"2019-07-28T17:20:10","slug":"chi-siamo","status":"publish","type":"page","link":"https:\/\/www.farmacia-italiana.it\/de\/chi-siamo\/","title":{"rendered":"Chi siamo"},"content":{"rendered":"<p>[vc_row padding_top_multiplier=&#8220;2x&#8220; padding_bottom_multiplier=&#8220;2x&#8220; equal_column_height=&#8220;middle-content&#8220;][vc_column width=&#8220;1\/3&#8243;][vc_custom_heading text=&#8220;Farmacia Italiana&#8220; font_container=&#8220;tag:h1|text_align:left&#8220; use_theme_fonts=&#8220;yes&#8220;][\/vc_column][vc_column width=&#8220;2\/3&#8243;][vc_column_text]<strong>Farmacia Italiana ist ein Betrieb, der sich auf den Bereich Apotheke, Gesundheit und Sch\u00f6nheit spezialisiert hat.<\/strong><\/p>\n<p>Wir bieten Gestaltungsl\u00f6sungen zum Aufbauen von Beziehungen an: Originelle Atmosph\u00e4ren, f\u00fcr den Verbraucher geschaffen, die Emotionen \u00fcbermitteln und die Verkaufserfahrung begleiten.<br \/>\nEine Weg, auf dem Marktanalysen, Verkaufslayouts, visuelle Strategien , Brand Identity liegen.<\/p>\n<p>Entwurf, Gestaltung und Herstellung der Einrichtungsgegenst\u00e4nde sind St\u00e4rken eines Unternehmens, das aufmerksam f\u00fcr die Innovation, das Design und die Kostenoptimierung ist. Die Koordination aller kreativer und schaffender Phasen garantiert die Einhaltung des Budgets und der Zeiten.<\/p>\n<p><strong>Die Ver\u00e4nderungen sind positiv. Wir arbeiten mit Ihnen zusammen, um L\u00f6sungen zu schaffen.<\/strong>[\/vc_column_text][\/vc_column][\/vc_row][vc_row section_type=&#8220;fullwidth&#8220; padding_top_multiplier=&#8220;4x&#8220; padding_bottom_multiplier=&#8220;2x&#8220; columns_gap=&#8220;60&#8243;][vc_column vertical_content_position=&#8220;middle&#8220;][vc_row_inner el_class=&#8220;middle-row&#8220;][vc_column_inner width=&#8220;2\/3&#8243;]<video class=\"eut-element eut-embed-video\"  loop=\"loop\" muted=\"muted\" autoplay=\"autoplay\"><source src=\"http:\/\/www.farmacia-italiana.it\/wp-content\/uploads\/2019\/04\/FI-produzione.mp4\" type=\"video\/mp4\"><\/video>[\/vc_column_inner][vc_column_inner width=&#8220;1\/3&#8243;][vc_custom_heading text=&#8220;DAS UNTERNEHMEN&#8220; font_container=&#8220;tag:h6|text_align:left|line_height:1&#8243; use_theme_fonts=&#8220;yes&#8220; css=&#8220;.vc_custom_1564331773452{margin-bottom: 0px !important;}&#8220;][vc_custom_heading text=&#8220;Produktion&#8220; use_theme_fonts=&#8220;yes&#8220;]<div class=\"eut-empty-space eut-height-1x\" style=\"\"><\/div>[vc_column_text]Die Produktion Farmacia Italiana hat verschiedene Abteilungen: Die Abteilung Holz, Aluminium und Eisenstoffe, Corian-Bearbeitung, Kunststoffe, Lichterkabel und Zusammenbau.<\/p>\n<p>Die Erfahrung der Facharbeitskr\u00e4fte aus den venetischen Tischlereien und technisch hochmoderne Maschinen erlauben uns, sowohl Einzelst\u00fccke als auch Serienproduktionen hoher Qualit\u00e4t herzustellen.[\/vc_column_text][\/vc_column_inner][\/vc_row_inner][\/vc_column][\/vc_row][vc_row section_type=&#8220;fullwidth&#8220; padding_top_multiplier=&#8220;2x&#8220; padding_bottom_multiplier=&#8220;5x&#8220; columns_gap=&#8220;60&#8243;][vc_column vertical_content_position=&#8220;middle&#8220;][vc_row_inner el_class=&#8220;middle-row&#8220;][vc_column_inner width=&#8220;1\/3&#8243;][vc_custom_heading text=&#8220;DAS UNTERNEHMEN&#8220; font_container=&#8220;tag:h6|text_align:left|line_height:1&#8243; use_theme_fonts=&#8220;yes&#8220; css=&#8220;.vc_custom_1564331811660{margin-bottom: 0px !important;}&#8220;][vc_custom_heading text=&#8220;Contract&#8220; use_theme_fonts=&#8220;yes&#8220;]<div class=\"eut-empty-space eut-height-1x\" style=\"\"><\/div>[vc_column_text]T\u00e4gliche Vertr\u00e4ge mit Architekten und mit immer strukturierteren Projekten haben uns eine gro\u00dfe Erfahrung in der Verwaltung von Auftr\u00e4gen, die nicht nur den pharmazeutischen Bereich sondern auch den Bereich Contract betreffen, gebracht: \u00c4rzteh\u00e4user und Arztpraxen, Gesundheitszentren und Wellness-Salons, gro\u00dfe Residenzen und Hotels, Einrichtung von Ausstellungen und Museen.[\/vc_column_text][\/vc_column_inner][vc_column_inner width=&#8220;2\/3&#8243;]<div class=\"eut-element eut-slider eut-layout-1 eut-gallery-popup\"  style=\" \">  <div class=\"eut-carousel-wrapper\"><div class=\"eut-carousel-navigation eut-dark eut-navigation-1 eut-navigation-default\">\t<div class=\"eut-carousel-buttons\">\t\t<div class=\"eut-carousel-prev\">\t\t\t<i class=\"eut-icon-nav-left-small\"><\/i>\t\t<\/div>\t\t<div class=\"eut-carousel-next\">\t\t\t<i class=\"eut-icon-nav-right-small\"><\/i>\t\t<\/div>\t<\/div><\/div><div class=\"eut-slider-element owl-carousel eut-theme\" data-slider-speed=\"3500\" data-slider-pause=\"no\" data-slider-autoplay=\"yes\" data-slider-loop=\"yes\" data-slider-transition=\"slide\" data-slider-autoheight=\"no\" data-pagination=\"no\"><div class=\"eut-slider-item eut-hover-item eut-hover-style-none\">  <figure class=\"eut-image-hover eut-zoom-none\"><div class=\"eut-media\"><img width=\"1000\" height=\"658\" src=\"https:\/\/www.farmacia-italiana.it\/wp-content\/uploads\/2019\/04\/01-1000x658.jpg\" class=\"attachment-fildisi-eutf-large-rect-horizontal size-fildisi-eutf-large-rect-horizontal\" alt=\"\" loading=\"lazy\" \/><\/div>  <\/figure><\/div><div class=\"eut-slider-item eut-hover-item eut-hover-style-none\">  <figure class=\"eut-image-hover eut-zoom-none\"><div class=\"eut-media\"><img width=\"1000\" height=\"658\" src=\"https:\/\/www.farmacia-italiana.it\/wp-content\/uploads\/2019\/04\/02-1000x658.jpg\" class=\"attachment-fildisi-eutf-large-rect-horizontal size-fildisi-eutf-large-rect-horizontal\" alt=\"\" loading=\"lazy\" \/><\/div>  <\/figure><\/div><div class=\"eut-slider-item eut-hover-item eut-hover-style-none\">  <figure class=\"eut-image-hover eut-zoom-none\"><div class=\"eut-media\"><img width=\"1000\" height=\"658\" src=\"https:\/\/www.farmacia-italiana.it\/wp-content\/uploads\/2019\/04\/03-1000x658.jpg\" class=\"attachment-fildisi-eutf-large-rect-horizontal size-fildisi-eutf-large-rect-horizontal\" alt=\"\" loading=\"lazy\" \/><\/div>  <\/figure><\/div><div class=\"eut-slider-item eut-hover-item eut-hover-style-none\">  <figure class=\"eut-image-hover eut-zoom-none\"><div class=\"eut-media\"><img width=\"1000\" height=\"658\" src=\"https:\/\/www.farmacia-italiana.it\/wp-content\/uploads\/2019\/04\/04-1000x658.jpg\" class=\"attachment-fildisi-eutf-large-rect-horizontal size-fildisi-eutf-large-rect-horizontal\" alt=\"\" loading=\"lazy\" \/><\/div>  <\/figure><\/div><div class=\"eut-slider-item eut-hover-item eut-hover-style-none\">  <figure class=\"eut-image-hover eut-zoom-none\"><div class=\"eut-media\"><img width=\"1000\" height=\"658\" src=\"https:\/\/www.farmacia-italiana.it\/wp-content\/uploads\/2019\/04\/05-1000x658.jpg\" class=\"attachment-fildisi-eutf-large-rect-horizontal size-fildisi-eutf-large-rect-horizontal\" alt=\"\" loading=\"lazy\" \/><\/div>  <\/figure><\/div><div class=\"eut-slider-item eut-hover-item eut-hover-style-none\">  <figure class=\"eut-image-hover eut-zoom-none\"><div class=\"eut-media\"><img width=\"1000\" height=\"658\" src=\"https:\/\/www.farmacia-italiana.it\/wp-content\/uploads\/2019\/04\/06-1000x658.jpg\" class=\"attachment-fildisi-eutf-large-rect-horizontal size-fildisi-eutf-large-rect-horizontal\" alt=\"\" loading=\"lazy\" \/><\/div>  <\/figure><\/div><div class=\"eut-slider-item eut-hover-item eut-hover-style-none\">  <figure class=\"eut-image-hover eut-zoom-none\"><div class=\"eut-media\"><img width=\"1000\" height=\"658\" src=\"https:\/\/www.farmacia-italiana.it\/wp-content\/uploads\/2019\/04\/07-1000x658.jpg\" class=\"attachment-fildisi-eutf-large-rect-horizontal size-fildisi-eutf-large-rect-horizontal\" alt=\"\" loading=\"lazy\" \/><\/div>  <\/figure><\/div>\t<\/div>  <\/div><\/div>[\/vc_column_inner][\/vc_row_inner][\/vc_column][\/vc_row][vc_row heading_color=&#8220;light&#8220; section_full_height=&#8220;fullheight&#8220; bg_type=&#8220;image&#8220; bg_image=&#8220;4262&#8243; bg_image_size=&#8220;full&#8220; bg_position=&#8220;right-center&#8220; padding_top_multiplier=&#8220;&#8220; padding_bottom_multiplier=&#8220;&#8220; section_id=&#8220;gabriele-nardi&#8220;][vc_column vertical_content_position=&#8220;bottom&#8220;][vc_raw_html]JTNDaDIlM0VHYWJyaWVsZSUyME5hcmRpJTNDJTJGaDIlM0U=[\/vc_raw_html][\/vc_column][\/vc_row][vc_row padding_top_multiplier=&#8220;4x&#8220; padding_bottom_multiplier=&#8220;2x&#8220; columns_gap=&#8220;60&#8243; equal_column_height=&#8220;equal-column&#8220;][vc_column width=&#8220;1\/3&#8243;][vc_column_text]<\/p>\n<h3>Wurzeln<\/h3>\n<p>[\/vc_column_text]<div class=\"eut-element eut-divider eut-align-left\" style=\"padding-top: 10px;padding-bottom: 20px;\"><span class=\"eut-custom-divider eut-bg-custom\" style=\"width: 50px;height: 3px;background-color: #161616;\"><\/span><\/div>[vc_column_text]Er ist in der Welt der Stofffabriken des Venetos aufgewachsen.[\/vc_column_text][\/vc_column][vc_column width=&#8220;1\/3&#8243;][vc_column_text]<\/p>\n<h3>Erfahrungen<\/h3>\n<p>[\/vc_column_text]<div class=\"eut-element eut-divider eut-align-left\" style=\"padding-top: 10px;padding-bottom: 20px;\"><span class=\"eut-custom-divider eut-bg-custom\" style=\"width: 50px;height: 3px;background-color: #161616;\"><\/span><\/div>[vc_column_text]Die Erfahrungen, die ihn ausgebildet haben, haben in 40 Jahren in der Leitung von historischen M\u00f6belh\u00e4usern Gestalt angenommen.[\/vc_column_text][\/vc_column][vc_column width=&#8220;1\/3&#8243;][vc_column_text]<\/p>\n<h3>Kompetenzen<\/h3>\n<p>[\/vc_column_text]<div class=\"eut-element eut-divider eut-align-left\" style=\"padding-top: 10px;padding-bottom: 20px;\"><span class=\"eut-custom-divider eut-bg-custom\" style=\"width: 50px;height: 3px;background-color: #161616;\"><\/span><\/div>[vc_column_text]Die Kompetenzen, die er besitzt, wurzeln in der handwerklichen und industriellen Produktion.[\/vc_column_text][\/vc_column][\/vc_row][vc_row padding_top_multiplier=&#8220;2x&#8220; padding_bottom_multiplier=&#8220;&#8220; equal_column_height=&#8220;middle-content&#8220;][vc_column width=&#8220;1\/4&#8243; mobile_width=&#8220;hide&#8220;]<div class=\"eut-element eut-image eut-align-center\" style=\"\">  <div class=\"eut-image-wrapper\"><img width=\"560\" height=\"560\" src=\"https:\/\/www.farmacia-italiana.it\/wp-content\/uploads\/2019\/04\/farmacia-italiana-esperienze-2-560x560.jpg\" class=\"attachment-fildisi-eutf-small-square size-fildisi-eutf-small-square\" alt=\"\" loading=\"lazy\" srcset=\"https:\/\/www.farmacia-italiana.it\/wp-content\/uploads\/2019\/04\/farmacia-italiana-esperienze-2-560x560.jpg 560w, https:\/\/www.farmacia-italiana.it\/wp-content\/uploads\/2019\/04\/farmacia-italiana-esperienze-2-150x150.jpg 150w, https:\/\/www.farmacia-italiana.it\/wp-content\/uploads\/2019\/04\/farmacia-italiana-esperienze-2-300x300.jpg 300w, https:\/\/www.farmacia-italiana.it\/wp-content\/uploads\/2019\/04\/farmacia-italiana-esperienze-2-768x768.jpg 768w, https:\/\/www.farmacia-italiana.it\/wp-content\/uploads\/2019\/04\/farmacia-italiana-esperienze-2-900x900.jpg 900w, https:\/\/www.farmacia-italiana.it\/wp-content\/uploads\/2019\/04\/farmacia-italiana-esperienze-2.jpg 1000w\" sizes=\"(max-width: 560px) 100vw, 560px\" \/>   <\/div><\/div>[\/vc_column][vc_column width=&#8220;1\/4&#8243; text_align=&#8220;center&#8220;][vc_column_text]<\/p>\n<h4>Produktionsleiter Cidue<\/h4>\n<p>[\/vc_column_text]<div class=\"eut-empty-space eut-height-1x\" style=\"\"><\/div><div class=\"eut-element eut-align-center\"><a href=\"#cidue-modal\" class=\"eut-btn eut-btn-medium eut-extra-round eut-bg-black eut-bg-hover-black eut-btn-line eut-modal-popup\"><span>ENTDECKEN SIE MEHR<\/span><\/a><\/div>\t\t\t<div class=\"eut-modal-element mfp-hide eut-modal-dialog eut-bg-white eut-drop-shadow eut-content-small\" id=\"cidue-modal\">\r\n\t\t\t\t<div class=\"eut-section eut-modal-section\">\r\n\t\t\t\t\t<div class=\"eut-container\">\r\n\t\t\t\t\t\t<div class=\"eut-row eut-columns-gap-30\">\r\n\t\t\t\t\t\t\t<div class=\"eut-column eut-column-1\">\r\n\t\t\t\t\t\t\t[vc_column_text]<\/p>\n<h6>WICHTIGSTE LIEFERUNGEN CIDUE<\/h6>\n<ul>\n<li>Offizielle Lieferunternehmen Porsche A.G.<\/li>\n<li>J. Marie Fashion House, D\u00fcsseldorf<\/li>\n<li>Fora Hotel, Hannover<\/li>\n<li>B\u00fcros BCE Eurotower, London<\/li>\n<li>Kulturmuseum Kiens, Luzern<\/li>\n<li>Hewlett Packard Center, Z\u00fcrich<\/li>\n<li>U.B.S. Unione Banche Svizzere, Genf<\/li>\n<li>Metro Ferienclub, Grundlsee<\/li>\n<li>Kommerzbank, Leipzig<\/li>\n<li>CN Tower, Toronto<\/li>\n<li>Museum f\u00fcr Naturgeschichte, Bern<\/li>\n<li>Violinensaal Castello Sforzesco, Mailand<\/li>\n<li>Mc Donald&#8217;s Fast Food, Moskau<\/li>\n<\/ul>\n<p>[\/vc_column_text]\t\t\t\t\t\t\t<\/div>\r\n\t\t\t\t\t\t<\/div>\r\n\t\t\t\t\t<\/div>\r\n\t\t\t\t<\/div>\r\n\t\t\t<\/div>\r\n\t\t[\/vc_column][vc_column width=&#8220;1\/4&#8243; mobile_width=&#8220;hide&#8220;]<div class=\"eut-element eut-image eut-align-center\" style=\"\">  <div class=\"eut-image-wrapper\"><img width=\"560\" height=\"560\" src=\"https:\/\/www.farmacia-italiana.it\/wp-content\/uploads\/2019\/04\/farmacia-italiana-esperienze-5-560x560.jpg\" class=\"attachment-fildisi-eutf-small-square size-fildisi-eutf-small-square\" alt=\"farmacia-italiana-esperienze-5\" loading=\"lazy\" srcset=\"https:\/\/www.farmacia-italiana.it\/wp-content\/uploads\/2019\/04\/farmacia-italiana-esperienze-5-560x560.jpg 560w, https:\/\/www.farmacia-italiana.it\/wp-content\/uploads\/2019\/04\/farmacia-italiana-esperienze-5-150x150.jpg 150w, https:\/\/www.farmacia-italiana.it\/wp-content\/uploads\/2019\/04\/farmacia-italiana-esperienze-5-300x300.jpg 300w, https:\/\/www.farmacia-italiana.it\/wp-content\/uploads\/2019\/04\/farmacia-italiana-esperienze-5-768x768.jpg 768w, https:\/\/www.farmacia-italiana.it\/wp-content\/uploads\/2019\/04\/farmacia-italiana-esperienze-5-900x900.jpg 900w, https:\/\/www.farmacia-italiana.it\/wp-content\/uploads\/2019\/04\/farmacia-italiana-esperienze-5.jpg 1000w\" sizes=\"(max-width: 560px) 100vw, 560px\" \/>   <\/div><\/div>[\/vc_column][vc_column width=&#8220;1\/4&#8243; mobile_width=&#8220;hide&#8220;]<div class=\"eut-element eut-image eut-align-center\" style=\"\">  <div class=\"eut-image-wrapper\"><img width=\"560\" height=\"560\" src=\"https:\/\/www.farmacia-italiana.it\/wp-content\/uploads\/2019\/04\/farmacia-italiana-esperienze-4-560x560.jpg\" class=\"attachment-fildisi-eutf-small-square size-fildisi-eutf-small-square\" alt=\"\" loading=\"lazy\" srcset=\"https:\/\/www.farmacia-italiana.it\/wp-content\/uploads\/2019\/04\/farmacia-italiana-esperienze-4-560x560.jpg 560w, https:\/\/www.farmacia-italiana.it\/wp-content\/uploads\/2019\/04\/farmacia-italiana-esperienze-4-150x150.jpg 150w, https:\/\/www.farmacia-italiana.it\/wp-content\/uploads\/2019\/04\/farmacia-italiana-esperienze-4-300x300.jpg 300w, https:\/\/www.farmacia-italiana.it\/wp-content\/uploads\/2019\/04\/farmacia-italiana-esperienze-4-768x768.jpg 768w, https:\/\/www.farmacia-italiana.it\/wp-content\/uploads\/2019\/04\/farmacia-italiana-esperienze-4-900x900.jpg 900w, https:\/\/www.farmacia-italiana.it\/wp-content\/uploads\/2019\/04\/farmacia-italiana-esperienze-4.jpg 1000w\" sizes=\"(max-width: 560px) 100vw, 560px\" \/>   <\/div><\/div>[\/vc_column][\/vc_row][vc_row padding_bottom_multiplier=&#8220;2x&#8220; equal_column_height=&#8220;middle-content&#8220;][vc_column width=&#8220;1\/4&#8243; mobile_width=&#8220;hide&#8220;]<div class=\"eut-element eut-image eut-align-center\" style=\"\">  <div class=\"eut-image-wrapper\"><img width=\"479\" height=\"479\" src=\"https:\/\/www.farmacia-italiana.it\/wp-content\/uploads\/2019\/04\/farmacia-italiana-esperienze-6.jpg\" class=\"attachment-fildisi-eutf-small-square size-fildisi-eutf-small-square\" alt=\"\" loading=\"lazy\" srcset=\"https:\/\/www.farmacia-italiana.it\/wp-content\/uploads\/2019\/04\/farmacia-italiana-esperienze-6.jpg 479w, https:\/\/www.farmacia-italiana.it\/wp-content\/uploads\/2019\/04\/farmacia-italiana-esperienze-6-150x150.jpg 150w, https:\/\/www.farmacia-italiana.it\/wp-content\/uploads\/2019\/04\/farmacia-italiana-esperienze-6-300x300.jpg 300w\" sizes=\"(max-width: 479px) 100vw, 479px\" \/>   <\/div><\/div>[\/vc_column][vc_column width=&#8220;1\/4&#8243; mobile_width=&#8220;hide&#8220;]<div class=\"eut-element eut-image eut-align-center\" style=\"\">  <div class=\"eut-image-wrapper\"><img width=\"479\" height=\"479\" src=\"https:\/\/www.farmacia-italiana.it\/wp-content\/uploads\/2019\/04\/farmacia-italiana-esperienze-7.jpg\" class=\"attachment-fildisi-eutf-small-square size-fildisi-eutf-small-square\" alt=\"\" loading=\"lazy\" srcset=\"https:\/\/www.farmacia-italiana.it\/wp-content\/uploads\/2019\/04\/farmacia-italiana-esperienze-7.jpg 479w, https:\/\/www.farmacia-italiana.it\/wp-content\/uploads\/2019\/04\/farmacia-italiana-esperienze-7-150x150.jpg 150w, https:\/\/www.farmacia-italiana.it\/wp-content\/uploads\/2019\/04\/farmacia-italiana-esperienze-7-300x300.jpg 300w\" sizes=\"(max-width: 479px) 100vw, 479px\" \/>   <\/div><\/div>[\/vc_column][vc_column width=&#8220;1\/4&#8243; mobile_width=&#8220;hide&#8220;]<div class=\"eut-element eut-image eut-align-center\" style=\"\">  <div class=\"eut-image-wrapper\"><img width=\"560\" height=\"560\" src=\"https:\/\/www.farmacia-italiana.it\/wp-content\/uploads\/2019\/04\/farmacia-italiana-esperienze-3-560x560.jpg\" class=\"attachment-fildisi-eutf-small-square size-fildisi-eutf-small-square\" alt=\"\" loading=\"lazy\" srcset=\"https:\/\/www.farmacia-italiana.it\/wp-content\/uploads\/2019\/04\/farmacia-italiana-esperienze-3-560x560.jpg 560w, https:\/\/www.farmacia-italiana.it\/wp-content\/uploads\/2019\/04\/farmacia-italiana-esperienze-3-150x150.jpg 150w, https:\/\/www.farmacia-italiana.it\/wp-content\/uploads\/2019\/04\/farmacia-italiana-esperienze-3-300x300.jpg 300w, https:\/\/www.farmacia-italiana.it\/wp-content\/uploads\/2019\/04\/farmacia-italiana-esperienze-3.jpg 667w\" sizes=\"(max-width: 560px) 100vw, 560px\" \/>   <\/div><\/div>[\/vc_column][vc_column width=&#8220;1\/4&#8243; text_align=&#8220;center&#8220;][vc_column_text]<\/p>\n<h4>Gesch\u00e4ftsf\u00fchrer Omicron<\/h4>\n<p>[\/vc_column_text]<div class=\"eut-empty-space eut-height-1x\" style=\"\"><\/div><div class=\"eut-element eut-align-center\"><a href=\"#omicron-modal\" class=\"eut-btn eut-btn-medium eut-extra-round eut-bg-black eut-bg-hover-black eut-btn-line eut-modal-popup\"><span>ENTDECKEN SIE MEHR<\/span><\/a><\/div>\t\t\t<div class=\"eut-modal-element mfp-hide eut-modal-dialog eut-bg-white eut-drop-shadow eut-content-small\" id=\"omicron-modal\">\r\n\t\t\t\t<div class=\"eut-section eut-modal-section\">\r\n\t\t\t\t\t<div class=\"eut-container\">\r\n\t\t\t\t\t\t<div class=\"eut-row eut-columns-gap-30\">\r\n\t\t\t\t\t\t\t<div class=\"eut-column eut-column-1\">\r\n\t\t\t\t\t\t\t[vc_column_text]<\/p>\n<h6>WICHTIGSTE LIEFERUNGEN OMICRON<\/h6>\n<ul>\n<li>Kripa, Venedig<\/li>\n<li>Roche Bobois, Paris<\/li>\n<li>Ticchioni Michel R\u00e9sidence, Nizza<\/li>\n<li>Benhaim Apartament en Villa Lairolle, Nizza<\/li>\n<li>Villa Studio Borraccino, Rom<\/li>\n<li>Hbs, Rom<\/li>\n<li>Evento Nivea, Mailand<\/li>\n<li>Mom Spazio al Benessere, Vicenza<\/li>\n<li>Tecnolab Stand, Vicenza<\/li>\n<li>Ornithologisches Museum, Marostica<\/li>\n<li>Naturkundemuseum, Ovaro<\/li>\n<li>B-Live, Padova<\/li>\n<li>Mooder, Video Design System<\/li>\n<\/ul>\n<p>[\/vc_column_text]\t\t\t\t\t\t\t<\/div>\r\n\t\t\t\t\t\t<\/div>\r\n\t\t\t\t\t<\/div>\r\n\t\t\t\t<\/div>\r\n\t\t\t<\/div>\r\n\t\t[\/vc_column][\/vc_row][vc_row heading_color=&#8220;dark&#8220; padding_top_multiplier=&#8220;4x&#8220; padding_bottom_multiplier=&#8220;2x&#8220; equal_column_height=&#8220;middle-content&#8220;][vc_column vertical_content_position=&#8220;bottom&#8220; width=&#8220;1\/3&#8243;][vc_custom_heading text=&#8220;<\/p>\n<h2>Das Team<\/h2>\n<p>&#8220; font_container=&#8220;tag:h2|text_align:center&#8220; use_theme_fonts=&#8220;yes&#8220;][vc_custom_heading text=&#8220;Eine gro\u00dfe Erfahrung im Bereich, ein vorbereitetes und kompetentes Team&#8220; font_container=&#8220;tag:p|text_align:left&#8220; use_theme_fonts=&#8220;yes&#8220;][\/vc_column][vc_column width=&#8220;2\/3&#8243;]<div class=\"eut-element eut-image eut-align-center\" style=\"\">  <div class=\"eut-image-wrapper\"><img width=\"2880\" height=\"1451\" src=\"https:\/\/www.farmacia-italiana.it\/wp-content\/uploads\/2019\/04\/team.jpg\" class=\"attachment-full size-full\" alt=\"\" loading=\"lazy\" srcset=\"https:\/\/www.farmacia-italiana.it\/wp-content\/uploads\/2019\/04\/team.jpg 2880w, https:\/\/www.farmacia-italiana.it\/wp-content\/uploads\/2019\/04\/team-300x151.jpg 300w, https:\/\/www.farmacia-italiana.it\/wp-content\/uploads\/2019\/04\/team-768x387.jpg 768w, https:\/\/www.farmacia-italiana.it\/wp-content\/uploads\/2019\/04\/team-1024x516.jpg 1024w, https:\/\/www.farmacia-italiana.it\/wp-content\/uploads\/2019\/04\/team-1920x967.jpg 1920w\" sizes=\"(max-width: 2880px) 100vw, 2880px\" \/>   <\/div><\/div>[\/vc_column][\/vc_row][vc_row padding_top_multiplier=&#8220;2x&#8220; padding_bottom_multiplier=&#8220;2x&#8220; columns_gap=&#8220;60&#8243; equal_column_height=&#8220;equal-column&#8220;][vc_column width=&#8220;1\/3&#8243;][vc_column_text]<\/p>\n<h3>Support<\/h3>\n<p>[\/vc_column_text]<div class=\"eut-element eut-divider eut-align-left\" style=\"padding-top: 10px;padding-bottom: 20px;\"><span class=\"eut-custom-divider eut-bg-custom\" style=\"width: 50px;height: 3px;background-color: #161616;\"><\/span><\/div>[vc_column_text]Ein professionelles Beraterteam an der Seite des Apothekers, zusammengestellt aus Marketing Operatorn, Architekten und Interior Designern, 3D-Artists und Visual Merchandisern. Eine Planung und Gestaltung, welche die R\u00e4ume aufwertet und darauf gerichtet ist, die Verkaufsgelegenheiten zu steigern und das Warensortiment, die Sonderaktionen und die Dienstleistungen korrekt mitzuteilen.[\/vc_column_text][\/vc_column][vc_column width=&#8220;1\/3&#8243;][vc_column_text]<\/p>\n<h3>Planung und Gestaltung<\/h3>\n<p>[\/vc_column_text]<div class=\"eut-element eut-divider eut-align-left\" style=\"padding-top: 10px;padding-bottom: 20px;\"><span class=\"eut-custom-divider eut-bg-custom\" style=\"width: 50px;height: 3px;background-color: #161616;\"><\/span><\/div>[vc_column_text]Planer, Produktionstechniker und Handwerker begleiten die Entwicklung des Produkts, Kerns des Projekts. Entwicklung und Design: Maximale Funktionalit\u00e4t, Flexibilit\u00e4t, Kommunikativit\u00e4t und Einfachheit in der Komposition. Die Aufmerksamkeit f\u00fcr die technische Entwicklung erlaubt in Verbindung mit der Qualit\u00e4tskontrolle unseren Ideen Gestalt zu geben.[\/vc_column_text][\/vc_column][vc_column width=&#8220;1\/3&#8243;][vc_column_text]<\/p>\n<h3>Montage<\/h3>\n<p>[\/vc_column_text]<div class=\"eut-element eut-divider eut-align-left\" style=\"padding-top: 10px;padding-bottom: 20px;\"><span class=\"eut-custom-divider eut-bg-custom\" style=\"width: 50px;height: 3px;background-color: #161616;\"><\/span><\/div>[vc_column_text]Zur Verf\u00fcgung steht ein fachm\u00e4nnisches Montageteam. Die Ausbildung unserer Montagemannschaften ist eine Garantie, die erlaubt, die Zeiten und die Kosten zu optimieren und die Perfektion bei der Installation der M\u00f6bel zu gew\u00e4hrleisten, mit welcher die Grenzen der Serieneinrichtung \u00fcberschritten werden.[\/vc_column_text][\/vc_column][\/vc_row][vc_row][vc_column][\/vc_column][\/vc_row][vc_row bg_type=&#8220;color&#8220; padding_top_multiplier=&#8220;3x&#8220; padding_bottom_multiplier=&#8220;3x&#8220; bg_color=&#8220;#252525&#8243;][vc_column width=&#8220;1\/6&#8243;][\/vc_column][vc_column width=&#8220;2\/3&#8243; text_align=&#8220;center&#8220;][vc_column_text el_class=&#8220;text-white&#8220; css=&#8220;.vc_custom_1564332173661{margin-bottom: 4em !important;}&#8220;]<\/p>\n<h3>Das in Italien starke Produktionsunternehmen Farmacia Italiana \u00f6ffnet sich und konsolidiert sich auf einem interessierten ausl\u00e4ndischen Markt, der auf der Suche nach der Qualit\u00e4t Made in Italy ist.<\/h3>\n<p>[\/vc_column_text]<div class=\"eut-element eut-align-center\"><a href=\"http:\/\/www.farmacia-italiana.it\/de\/contatti\/\" title=\"KOMMEN SIE UND LERNEN SIE UNS KENNEN\" class=\"eut-btn eut-btn-extralarge eut-extra-round eut-bg-white eut-bg-hover-white eut-btn-line\"><span>KOMMEN SIE UND LERNEN SIE UNS KENNEN<\/span><\/a><\/div>[\/vc_column][vc_column width=&#8220;1\/6&#8243;][\/vc_column][\/vc_row]<\/p>\n","protected":false},"excerpt":{"rendered":"<p>[vc_row padding_top_multiplier=&#8220;2x&#8220; padding_bottom_multiplier=&#8220;2x&#8220; equal_column_height=&#8220;middle-content&#8220;][vc_column width=&#8220;1\/3&#8243;][vc_custom_heading text=&#8220;Farmacia Italiana&#8220; font_container=&#8220;tag:h1|text_align:left&#8220; use_theme_fonts=&#8220;yes&#8220;][\/vc_column][vc_column width=&#8220;2\/3&#8243;][vc_column_text]Farmacia Italiana ist ein Betrieb, der sich auf den Bereich Apotheke, Gesundheit und Sch\u00f6nheit spezialisiert hat. Wir bieten Gestaltungsl\u00f6sungen zum Aufbauen von Beziehungen an: Originelle Atmosph\u00e4ren, f\u00fcr den Verbraucher geschaffen, die Emotionen \u00fcbermitteln und die Verkaufserfahrung begleiten. Eine Weg, auf dem Marktanalysen, Verkaufslayouts, visuelle Strategien , [&hellip;]<\/p>\n","protected":false},"author":1,"featured_media":0,"parent":0,"menu_order":0,"comment_status":"closed","ping_status":"closed","template":"","meta":[],"_links":{"self":[{"href":"https:\/\/www.farmacia-italiana.it\/de\/wp-json\/wp\/v2\/pages\/3995"}],"collection":[{"href":"https:\/\/www.farmacia-italiana.it\/de\/wp-json\/wp\/v2\/pages"}],"about":[{"href":"https:\/\/www.farmacia-italiana.it\/de\/wp-json\/wp\/v2\/types\/page"}],"author":[{"embeddable":true,"href":"https:\/\/www.farmacia-italiana.it\/de\/wp-json\/wp\/v2\/users\/1"}],"replies":[{"embeddable":true,"href":"https:\/\/www.farmacia-italiana.it\/de\/wp-json\/wp\/v2\/comments?post=3995"}],"version-history":[{"count":14,"href":"https:\/\/www.farmacia-italiana.it\/de\/wp-json\/wp\/v2\/pages\/3995\/revisions"}],"predecessor-version":[{"id":4572,"href":"https:\/\/www.farmacia-italiana.it\/de\/wp-json\/wp\/v2\/pages\/3995\/revisions\/4572"}],"wp:attachment":[{"href":"https:\/\/www.farmacia-italiana.it\/de\/wp-json\/wp\/v2\/media?parent=3995"}],"curies":[{"name":"wp","href":"https:\/\/api.w.org\/{rel}","templated":true}]}}