{"id":4001,"date":"2019-02-21T17:37:45","date_gmt":"2019-02-21T16:37:45","guid":{"rendered":"http:\/\/www.farmacia-italiana.it\/?page_id=4001"},"modified":"2021-05-05T01:06:39","modified_gmt":"2021-05-04T23:06:39","slug":"prodotti","status":"publish","type":"page","link":"https:\/\/www.farmacia-italiana.it\/de\/prodotti\/","title":{"rendered":"Prodotti"},"content":{"rendered":"<p>[vc_row padding_bottom_multiplier=&#8220;4x&#8220;][vc_column]<h1 class=\"eut-element eut-title eut-align-center eut-h1\" style=\"\"><span>Produkte<\/span><\/h1><h4 class=\"eut-element eut-title eut-align-center eut-h4\" style=\"\"><span>Farmacia Italiana<\/span><\/h4>[vc_column_text]<\/p>\n<p style=\"text-align: center;\">Neuheit, Innovation und Design f\u00fcr die neuen Einrichtungskonzepte<\/p>\n<p>[\/vc_column_text][\/vc_column][\/vc_row][vc_row][vc_column]\t\t\t<div class=\"eut-element eut-with-gap eut-portfolio eut-isotope product-list\" style=\"\" data-spinner=\"yes\" data-columns=\"3\" data-columns-large-screen=\"3\" data-columns-tablet-landscape=\"2\" data-columns-tablet-portrait=\"2\" data-columns-mobile=\"1\" data-layout=\"fitRows\" data-gutter-size=\"30\">\r\n\t\t\r\n\t\t\t<div class=\"eut-isotope-container\">\r\n\t\t\t\t\t\t\t<article id=\"portfolio-4646-69f22c6e4e98b\" class=\"eut-isotope-item eut-portfolio-item  post-4646 portfolio type-portfolio status-publish has-post-thumbnail hentry\">\r\n\t\t\t\t\t\t<div class=\"eut-isotope-item-inner eut-hover-item eut-zoom-in eut-hover-style-1\">\t\t\t\t\t\t\t\t\t<figure class=\"eut-image-hover eut-media eut-zoom-in\">\r\n\t\t\t\t\t\t\t\t\t\t<a class=\"eut-item-url\" href=\"https:\/\/www.farmacia-italiana.it\/de\/prodotti\/totem\/\"><\/a>\t\t\t\t\t\t\t\t\t\t<div class=\"eut-bg-light eut-hover-overlay eut-opacity-0\"><\/div>\r\n\t\t\t\t\t\t\t\t\t\t<img width=\"724\" height=\"1024\" src=\"https:\/\/www.farmacia-italiana.it\/wp-content\/uploads\/2021\/04\/Display-TOTEM-3_main-724x1024.jpg\" class=\"attachment-large size-large\" alt=\"\" loading=\"lazy\" srcset=\"https:\/\/www.farmacia-italiana.it\/wp-content\/uploads\/2021\/04\/Display-TOTEM-3_main-724x1024.jpg 724w, https:\/\/www.farmacia-italiana.it\/wp-content\/uploads\/2021\/04\/Display-TOTEM-3_main-212x300.jpg 212w, https:\/\/www.farmacia-italiana.it\/wp-content\/uploads\/2021\/04\/Display-TOTEM-3_main-768x1087.jpg 768w, https:\/\/www.farmacia-italiana.it\/wp-content\/uploads\/2021\/04\/Display-TOTEM-3_main.jpg 848w\" sizes=\"(max-width: 724px) 100vw, 724px\" \/>\t\t\t\t\t\t\t\t\t\t<figcaption><\/figcaption>\r\n\t\t\t\t\t\t\t\t\t<\/figure>\r\n\t\t\t\t\t\t\t\t\t\t\t\t\t\t\t\t\t\t<div class=\"eut-content eut-align-center\">\r\n\t\t\t\t\t\t\t\t\t\t\t\t\t\t\t\t\t\t\t\t<h4 class=\"eut-title eut-text-inherit eut-h4\">Totem<\/h4>\r\n\t\t\t\t\t\t\t\t\t\t\t\t\t\t\t\t\t\t\t\t\t\t\t\t\t\t\t\t\t<\/div>\r\n\t\t\t\t\t\t\t\t\t\t\t\t\t\t\t\t\t\t\t\t\t\t<\/div>\r\n\t\t\t\t\t<\/article>\r\n\t\t\t\t\t<article id=\"portfolio-4654-69f22c6e4eef6\" class=\"eut-isotope-item eut-portfolio-item  post-4654 portfolio type-portfolio status-publish has-post-thumbnail hentry\">\r\n\t\t\t\t\t\t<div class=\"eut-isotope-item-inner eut-hover-item eut-zoom-in eut-hover-style-1\">\t\t\t\t\t\t\t\t\t<figure class=\"eut-image-hover eut-media eut-zoom-in\">\r\n\t\t\t\t\t\t\t\t\t\t<a class=\"eut-item-url\" href=\"https:\/\/www.farmacia-italiana.it\/de\/prodotti\/essential-2\/\"><\/a>\t\t\t\t\t\t\t\t\t\t<div class=\"eut-bg-light eut-hover-overlay eut-opacity-0\"><\/div>\r\n\t\t\t\t\t\t\t\t\t\t<img width=\"724\" height=\"1024\" src=\"https:\/\/www.farmacia-italiana.it\/wp-content\/uploads\/2021\/03\/Display-ESSENTIAL-7-724x1024.jpg\" class=\"attachment-large size-large\" alt=\"\" loading=\"lazy\" srcset=\"https:\/\/www.farmacia-italiana.it\/wp-content\/uploads\/2021\/03\/Display-ESSENTIAL-7-724x1024.jpg 724w, https:\/\/www.farmacia-italiana.it\/wp-content\/uploads\/2021\/03\/Display-ESSENTIAL-7-212x300.jpg 212w, https:\/\/www.farmacia-italiana.it\/wp-content\/uploads\/2021\/03\/Display-ESSENTIAL-7-768x1087.jpg 768w, https:\/\/www.farmacia-italiana.it\/wp-content\/uploads\/2021\/03\/Display-ESSENTIAL-7.jpg 848w\" sizes=\"(max-width: 724px) 100vw, 724px\" \/>\t\t\t\t\t\t\t\t\t\t<figcaption><\/figcaption>\r\n\t\t\t\t\t\t\t\t\t<\/figure>\r\n\t\t\t\t\t\t\t\t\t\t\t\t\t\t\t\t\t\t<div class=\"eut-content eut-align-center\">\r\n\t\t\t\t\t\t\t\t\t\t\t\t\t\t\t\t\t\t\t\t<h4 class=\"eut-title eut-text-inherit eut-h4\">Essential<\/h4>\r\n\t\t\t\t\t\t\t\t\t\t\t\t\t\t\t\t\t\t\t\t\t\t\t\t\t\t\t\t\t<\/div>\r\n\t\t\t\t\t\t\t\t\t\t\t\t\t\t\t\t\t\t\t\t\t\t<\/div>\r\n\t\t\t\t\t<\/article>\r\n\t\t\t\t\t<article id=\"portfolio-4676-69f22c6e4f35f\" class=\"eut-isotope-item eut-portfolio-item  post-4676 portfolio type-portfolio status-publish has-post-thumbnail hentry\">\r\n\t\t\t\t\t\t<div class=\"eut-isotope-item-inner eut-hover-item eut-zoom-in eut-hover-style-1\">\t\t\t\t\t\t\t\t\t<figure class=\"eut-image-hover eut-media eut-zoom-in\">\r\n\t\t\t\t\t\t\t\t\t\t<a class=\"eut-item-url\" href=\"https:\/\/www.farmacia-italiana.it\/de\/prodotti\/gabriel-evolution\/\"><\/a>\t\t\t\t\t\t\t\t\t\t<div class=\"eut-bg-light eut-hover-overlay eut-opacity-0\"><\/div>\r\n\t\t\t\t\t\t\t\t\t\t<img width=\"724\" height=\"1024\" src=\"https:\/\/www.farmacia-italiana.it\/wp-content\/uploads\/2021\/03\/Display-GABRIEL-EVOLUTION-3-724x1024.jpg\" class=\"attachment-large size-large\" alt=\"\" loading=\"lazy\" srcset=\"https:\/\/www.farmacia-italiana.it\/wp-content\/uploads\/2021\/03\/Display-GABRIEL-EVOLUTION-3-724x1024.jpg 724w, https:\/\/www.farmacia-italiana.it\/wp-content\/uploads\/2021\/03\/Display-GABRIEL-EVOLUTION-3-212x300.jpg 212w, https:\/\/www.farmacia-italiana.it\/wp-content\/uploads\/2021\/03\/Display-GABRIEL-EVOLUTION-3-768x1087.jpg 768w, https:\/\/www.farmacia-italiana.it\/wp-content\/uploads\/2021\/03\/Display-GABRIEL-EVOLUTION-3.jpg 848w\" sizes=\"(max-width: 724px) 100vw, 724px\" \/>\t\t\t\t\t\t\t\t\t\t<figcaption><\/figcaption>\r\n\t\t\t\t\t\t\t\t\t<\/figure>\r\n\t\t\t\t\t\t\t\t\t\t\t\t\t\t\t\t\t\t<div class=\"eut-content eut-align-center\">\r\n\t\t\t\t\t\t\t\t\t\t\t\t\t\t\t\t\t\t\t\t<h4 class=\"eut-title eut-text-inherit eut-h4\">Gabriel Evolution<\/h4>\r\n\t\t\t\t\t\t\t\t\t\t\t\t\t\t\t\t\t\t\t\t\t\t\t\t\t\t\t\t\t<\/div>\r\n\t\t\t\t\t\t\t\t\t\t\t\t\t\t\t\t\t\t\t\t\t\t<\/div>\r\n\t\t\t\t\t<\/article>\r\n\t\t\t\t\t<article id=\"portfolio-4662-69f22c6e4f70d\" class=\"eut-isotope-item eut-portfolio-item  post-4662 portfolio type-portfolio status-publish has-post-thumbnail hentry\">\r\n\t\t\t\t\t\t<div class=\"eut-isotope-item-inner eut-hover-item eut-zoom-in eut-hover-style-1\">\t\t\t\t\t\t\t\t\t<figure class=\"eut-image-hover eut-media eut-zoom-in\">\r\n\t\t\t\t\t\t\t\t\t\t<a class=\"eut-item-url\" href=\"https:\/\/www.farmacia-italiana.it\/de\/prodotti\/giunco\/\"><\/a>\t\t\t\t\t\t\t\t\t\t<div class=\"eut-bg-light eut-hover-overlay eut-opacity-0\"><\/div>\r\n\t\t\t\t\t\t\t\t\t\t<img width=\"724\" height=\"1024\" src=\"https:\/\/www.farmacia-italiana.it\/wp-content\/uploads\/2021\/03\/Display-GIUNCO-2-724x1024.jpg\" class=\"attachment-large size-large\" alt=\"\" loading=\"lazy\" srcset=\"https:\/\/www.farmacia-italiana.it\/wp-content\/uploads\/2021\/03\/Display-GIUNCO-2-724x1024.jpg 724w, https:\/\/www.farmacia-italiana.it\/wp-content\/uploads\/2021\/03\/Display-GIUNCO-2-212x300.jpg 212w, https:\/\/www.farmacia-italiana.it\/wp-content\/uploads\/2021\/03\/Display-GIUNCO-2-768x1087.jpg 768w, https:\/\/www.farmacia-italiana.it\/wp-content\/uploads\/2021\/03\/Display-GIUNCO-2.jpg 848w\" sizes=\"(max-width: 724px) 100vw, 724px\" \/>\t\t\t\t\t\t\t\t\t\t<figcaption><\/figcaption>\r\n\t\t\t\t\t\t\t\t\t<\/figure>\r\n\t\t\t\t\t\t\t\t\t\t\t\t\t\t\t\t\t\t<div class=\"eut-content eut-align-center\">\r\n\t\t\t\t\t\t\t\t\t\t\t\t\t\t\t\t\t\t\t\t<h4 class=\"eut-title eut-text-inherit eut-h4\">Giunco<\/h4>\r\n\t\t\t\t\t\t\t\t\t\t\t\t\t\t\t\t\t\t\t\t\t\t\t\t\t\t\t\t\t<\/div>\r\n\t\t\t\t\t\t\t\t\t\t\t\t\t\t\t\t\t\t\t\t\t\t<\/div>\r\n\t\t\t\t\t<\/article>\r\n\t\t\t\t\t<article id=\"portfolio-4633-69f22c6e4fa78\" class=\"eut-isotope-item eut-portfolio-item  post-4633 portfolio type-portfolio status-publish has-post-thumbnail hentry\">\r\n\t\t\t\t\t\t<div class=\"eut-isotope-item-inner eut-hover-item eut-zoom-in eut-hover-style-1\">\t\t\t\t\t\t\t\t\t<figure class=\"eut-image-hover eut-media eut-zoom-in\">\r\n\t\t\t\t\t\t\t\t\t\t<a class=\"eut-item-url\" href=\"https:\/\/www.farmacia-italiana.it\/de\/prodotti\/forme\/\"><\/a>\t\t\t\t\t\t\t\t\t\t<div class=\"eut-bg-light eut-hover-overlay eut-opacity-0\"><\/div>\r\n\t\t\t\t\t\t\t\t\t\t<img width=\"724\" height=\"1024\" src=\"https:\/\/www.farmacia-italiana.it\/wp-content\/uploads\/2021\/03\/Forme-724x1024.jpg\" class=\"attachment-large size-large\" alt=\"\" loading=\"lazy\" srcset=\"https:\/\/www.farmacia-italiana.it\/wp-content\/uploads\/2021\/03\/Forme-724x1024.jpg 724w, https:\/\/www.farmacia-italiana.it\/wp-content\/uploads\/2021\/03\/Forme-212x300.jpg 212w, https:\/\/www.farmacia-italiana.it\/wp-content\/uploads\/2021\/03\/Forme-768x1087.jpg 768w, https:\/\/www.farmacia-italiana.it\/wp-content\/uploads\/2021\/03\/Forme.jpg 848w\" sizes=\"(max-width: 724px) 100vw, 724px\" \/>\t\t\t\t\t\t\t\t\t\t<figcaption><\/figcaption>\r\n\t\t\t\t\t\t\t\t\t<\/figure>\r\n\t\t\t\t\t\t\t\t\t\t\t\t\t\t\t\t\t\t<div class=\"eut-content eut-align-center\">\r\n\t\t\t\t\t\t\t\t\t\t\t\t\t\t\t\t\t\t\t\t<h4 class=\"eut-title eut-text-inherit eut-h4\">For.me<\/h4>\r\n\t\t\t\t\t\t\t\t\t\t\t\t\t\t\t\t\t\t\t\t\t\t\t\t\t\t\t\t\t<\/div>\r\n\t\t\t\t\t\t\t\t\t\t\t\t\t\t\t\t\t\t\t\t\t\t<\/div>\r\n\t\t\t\t\t<\/article>\r\n\t\t\t\t\t<article id=\"portfolio-4668-69f22c6e4fdd1\" class=\"eut-isotope-item eut-portfolio-item  post-4668 portfolio type-portfolio status-publish has-post-thumbnail hentry\">\r\n\t\t\t\t\t\t<div class=\"eut-isotope-item-inner eut-hover-item eut-zoom-in eut-hover-style-1\">\t\t\t\t\t\t\t\t\t<figure class=\"eut-image-hover eut-media eut-zoom-in\">\r\n\t\t\t\t\t\t\t\t\t\t<a class=\"eut-item-url\" href=\"https:\/\/www.farmacia-italiana.it\/de\/prodotti\/gabriel-display\/\"><\/a>\t\t\t\t\t\t\t\t\t\t<div class=\"eut-bg-light eut-hover-overlay eut-opacity-0\"><\/div>\r\n\t\t\t\t\t\t\t\t\t\t<img width=\"724\" height=\"1024\" src=\"https:\/\/www.farmacia-italiana.it\/wp-content\/uploads\/2021\/03\/Display-GABRIEL-5-724x1024.jpg\" class=\"attachment-large size-large\" alt=\"\" loading=\"lazy\" srcset=\"https:\/\/www.farmacia-italiana.it\/wp-content\/uploads\/2021\/03\/Display-GABRIEL-5-724x1024.jpg 724w, https:\/\/www.farmacia-italiana.it\/wp-content\/uploads\/2021\/03\/Display-GABRIEL-5-212x300.jpg 212w, https:\/\/www.farmacia-italiana.it\/wp-content\/uploads\/2021\/03\/Display-GABRIEL-5-768x1087.jpg 768w, https:\/\/www.farmacia-italiana.it\/wp-content\/uploads\/2021\/03\/Display-GABRIEL-5.jpg 848w\" sizes=\"(max-width: 724px) 100vw, 724px\" \/>\t\t\t\t\t\t\t\t\t\t<figcaption><\/figcaption>\r\n\t\t\t\t\t\t\t\t\t<\/figure>\r\n\t\t\t\t\t\t\t\t\t\t\t\t\t\t\t\t\t\t<div class=\"eut-content eut-align-center\">\r\n\t\t\t\t\t\t\t\t\t\t\t\t\t\t\t\t\t\t\t\t<h4 class=\"eut-title eut-text-inherit eut-h4\">Gabriel Display<\/h4>\r\n\t\t\t\t\t\t\t\t\t\t\t\t\t\t\t\t\t\t\t\t\t\t\t\t\t\t\t\t\t<\/div>\r\n\t\t\t\t\t\t\t\t\t\t\t\t\t\t\t\t\t\t\t\t\t\t<\/div>\r\n\t\t\t\t\t<\/article>\r\n\t\t\t\t\t<article id=\"portfolio-4701-69f22c6e5003c\" class=\"eut-isotope-item eut-portfolio-item  post-4701 portfolio type-portfolio status-publish has-post-thumbnail hentry\">\r\n\t\t\t\t\t\t<div class=\"eut-isotope-item-inner eut-hover-item eut-zoom-in eut-hover-style-1\">\t\t\t\t\t\t\t\t\t<figure class=\"eut-image-hover eut-media eut-zoom-in\">\r\n\t\t\t\t\t\t\t\t\t\t<a class=\"eut-item-url\" href=\"https:\/\/www.farmacia-italiana.it\/de\/prodotti\/io\/\"><\/a>\t\t\t\t\t\t\t\t\t\t<div class=\"eut-bg-light eut-hover-overlay eut-opacity-0\"><\/div>\r\n\t\t\t\t\t\t\t\t\t\t<img width=\"682\" height=\"1024\" src=\"https:\/\/www.farmacia-italiana.it\/wp-content\/uploads\/2021\/04\/Display-IO-4-682x1024.jpg\" class=\"attachment-large size-large\" alt=\"\" loading=\"lazy\" srcset=\"https:\/\/www.farmacia-italiana.it\/wp-content\/uploads\/2021\/04\/Display-IO-4-682x1024.jpg 682w, https:\/\/www.farmacia-italiana.it\/wp-content\/uploads\/2021\/04\/Display-IO-4-200x300.jpg 200w, https:\/\/www.farmacia-italiana.it\/wp-content\/uploads\/2021\/04\/Display-IO-4-768x1152.jpg 768w, https:\/\/www.farmacia-italiana.it\/wp-content\/uploads\/2021\/04\/Display-IO-4-1024x1536.jpg 1024w, https:\/\/www.farmacia-italiana.it\/wp-content\/uploads\/2021\/04\/Display-IO-4-1280x1920.jpg 1280w, https:\/\/www.farmacia-italiana.it\/wp-content\/uploads\/2021\/04\/Display-IO-4.jpg 1333w\" sizes=\"(max-width: 682px) 100vw, 682px\" \/>\t\t\t\t\t\t\t\t\t\t<figcaption><\/figcaption>\r\n\t\t\t\t\t\t\t\t\t<\/figure>\r\n\t\t\t\t\t\t\t\t\t\t\t\t\t\t\t\t\t\t<div class=\"eut-content eut-align-center\">\r\n\t\t\t\t\t\t\t\t\t\t\t\t\t\t\t\t\t\t\t\t<h4 class=\"eut-title eut-text-inherit eut-h4\">IO<\/h4>\r\n\t\t\t\t\t\t\t\t\t\t\t\t\t\t\t\t\t\t\t\t\t\t\t\t\t\t\t\t\t<\/div>\r\n\t\t\t\t\t\t\t\t\t\t\t\t\t\t\t\t\t\t\t\t\t\t<\/div>\r\n\t\t\t\t\t<\/article>\r\n\t\t\t\t<\/div>\r\n\t\t\t<\/div>\r\n\r\n\t\t[\/vc_column][\/vc_row][vc_row][vc_column width=&#8220;1\/2&#8243;][vc_column_text]<\/p>\n<h6>AN IHRER SEITE F\u00dcR DEN ERFOLG IHRES UNTERNEHMENS.<\/h6>\n<p>Wenn Sie sich auf Farmacia Italiana verlassen, w\u00e4hlen Sie einen Partner, der in der Lage ist, die gesamte Einrichtung Ihrer Apotheke zu erstellen, Produkte und Projekte an Ihre Bed\u00fcrfnisse und Ihren Geschmack anzupassen und Ihnen maximale Kompositionsfreiheit ohne zus\u00e4tzliche Kosten zu bieten.[\/vc_column_text][\/vc_column][vc_column width=&#8220;1\/2&#8243;][vc_column_text]<\/p>\n<h6>WIR PRODUZIEREN ALLES, WAS WIR ENTWICKELN UND ZUSAMMENBAUEN.<\/h6>\n<p>Mit unserer Produktions- und Technologieerfahrung entwickeln wir Einrichtungssysteme, mit denen der Apotheker ein klares und f\u00fcr seine Bed\u00fcrfnisse geeignetes Display erstellen kann. Pr\u00e4zision bis ins kleinste Detail, modulare und intelligente L\u00f6sungen, einfache Montage von Bauteilen.[\/vc_column_text][\/vc_column][\/vc_row][vc_row padding_top_multiplier=&#8220;3x&#8220;][vc_column]<div class=\"eut-element eut-align-center\"><a href=\"http:\/\/www.farmacia-italiana.it\/de\/contatti\/\" title=\"KONTAKTIEREN SIE UNS, UM DEN KATALOG ZU BEKOMMEN\" class=\"eut-btn eut-btn-extralarge eut-extra-round eut-bg-black eut-bg-hover-black eut-btn-line\"><span>Kontaktieren Sie uns, um den Katalog anzufordern<\/span><\/a><\/div>[\/vc_column][\/vc_row]<\/p>\n","protected":false},"excerpt":{"rendered":"<p>[vc_row padding_bottom_multiplier=&#8220;4x&#8220;][vc_column][vc_column_text] Neuheit, Innovation und Design f\u00fcr die neuen Einrichtungskonzepte [\/vc_column_text][\/vc_column][\/vc_row][vc_row][vc_column][\/vc_column][\/vc_row][vc_row][vc_column width=&#8220;1\/2&#8243;][vc_column_text] AN IHRER SEITE F\u00dcR DEN ERFOLG IHRES UNTERNEHMENS. Wenn Sie sich auf Farmacia Italiana verlassen, w\u00e4hlen Sie einen Partner, der in der Lage ist, die gesamte Einrichtung Ihrer Apotheke zu erstellen, Produkte und Projekte an Ihre Bed\u00fcrfnisse und Ihren Geschmack anzupassen und Ihnen [&hellip;]<\/p>\n","protected":false},"author":1,"featured_media":0,"parent":0,"menu_order":0,"comment_status":"closed","ping_status":"closed","template":"","meta":[],"_links":{"self":[{"href":"https:\/\/www.farmacia-italiana.it\/de\/wp-json\/wp\/v2\/pages\/4001"}],"collection":[{"href":"https:\/\/www.farmacia-italiana.it\/de\/wp-json\/wp\/v2\/pages"}],"about":[{"href":"https:\/\/www.farmacia-italiana.it\/de\/wp-json\/wp\/v2\/types\/page"}],"author":[{"embeddable":true,"href":"https:\/\/www.farmacia-italiana.it\/de\/wp-json\/wp\/v2\/users\/1"}],"replies":[{"embeddable":true,"href":"https:\/\/www.farmacia-italiana.it\/de\/wp-json\/wp\/v2\/comments?post=4001"}],"version-history":[{"count":20,"href":"https:\/\/www.farmacia-italiana.it\/de\/wp-json\/wp\/v2\/pages\/4001\/revisions"}],"predecessor-version":[{"id":4767,"href":"https:\/\/www.farmacia-italiana.it\/de\/wp-json\/wp\/v2\/pages\/4001\/revisions\/4767"}],"wp:attachment":[{"href":"https:\/\/www.farmacia-italiana.it\/de\/wp-json\/wp\/v2\/media?parent=4001"}],"curies":[{"name":"wp","href":"https:\/\/api.w.org\/{rel}","templated":true}]}}