{"id":4587,"date":"2020-07-03T16:57:07","date_gmt":"2020-07-03T14:57:07","guid":{"rendered":"http:\/\/www.farmacia-italiana.it\/?page_id=4587"},"modified":"2020-07-06T11:45:04","modified_gmt":"2020-07-06T09:45:04","slug":"servizi","status":"publish","type":"page","link":"https:\/\/www.farmacia-italiana.it\/de\/servizi\/","title":{"rendered":"Dienstleistungen"},"content":{"rendered":"<p>[vc_row][vc_column width=&#8220;1\/6&#8243;][\/vc_column][vc_column width=&#8220;2\/3&#8243;][vc_custom_heading text=&#8220;Dienstleistungen&#8220; font_container=&#8220;tag:h1|text_align:center&#8220; use_theme_fonts=&#8220;yes&#8220;][vc_custom_heading text=&#8220;Farmacia Italiana stellt sich Apotheken und Drogerien vor, plant , gestaltet und realisiert sie.&#8220; font_container=&#8220;tag:h3|text_align:center&#8220; use_theme_fonts=&#8220;yes&#8220;][\/vc_column][vc_column width=&#8220;1\/6&#8243;][\/vc_column][\/vc_row][vc_row columns_gap=&#8220;60&#8243; equal_column_height=&#8220;equal-column&#8220; mobile_equal_column_height=&#8220;false&#8220; section_id=&#8220;servizi-subheader&#8220;][vc_column width=&#8220;1\/2&#8243; text_align=&#8220;right&#8220;]<div class=\"eut-element eut-image eut-margin-bottom-xs eut-align-right\" style=\"\">  <div class=\"eut-image-wrapper\"><img src=\"https:\/\/www.farmacia-italiana.it\/wp-content\/uploads\/2019\/07\/design.svg\" class=\"attachment-full size-full\" alt=\"\" loading=\"lazy\" \/>   <\/div><\/div>[vc_custom_heading text=&#8220;Neue Er\u00f6ffnungen&#8220; font_container=&#8220;tag:h4|text_align:right&#8220; use_theme_fonts=&#8220;yes&#8220;][vc_custom_heading text=&#8220;DEN RAUM F\u00dcR EINE FREUNDLICHE UND FUNKTIONALE APOTHEKE GESTALTEN&#8220; font_container=&#8220;tag:h6|text_align:right&#8220; use_theme_fonts=&#8220;yes&#8220;][\/vc_column][vc_column width=&#8220;1\/2&#8243;]<div class=\"eut-element eut-image eut-margin-bottom-xs eut-align-left\" style=\"\">  <div class=\"eut-image-wrapper\"><img src=\"https:\/\/www.farmacia-italiana.it\/wp-content\/uploads\/2019\/07\/renew.svg\" class=\"attachment-full size-full\" alt=\"\" loading=\"lazy\" \/>   <\/div><\/div>[vc_custom_heading text=&#8220;Umgestaltungen&#8220; font_container=&#8220;tag:h4|text_align:left&#8220; use_theme_fonts=&#8220;yes&#8220;][vc_custom_heading text=&#8220;DEN RAUM VER\u00c4NDERN, UM NEUEN TRENDS UND ANFORDERUNGEN ZU BEGEGNEN&#8220; font_container=&#8220;tag:h6|text_align:left&#8220; use_theme_fonts=&#8220;yes&#8220;][\/vc_column][\/vc_row][vc_row padding_top_multiplier=&#8220;5x&#8220; section_id=&#8220;progettazione&#8220;][vc_column][vc_custom_heading text=&#8220;Planung und Gestaltung&#8220; font_container=&#8220;tag:h2|text_align:center&#8220; use_theme_fonts=&#8220;yes&#8220;][\/vc_column][\/vc_row][vc_row padding_top_multiplier=&#8220;2x&#8220; padding_bottom_multiplier=&#8220;2x&#8220; columns_gap=&#8220;60&#8243;][vc_column][vc_row_inner el_class=&#8220;middle-row&#8220;][vc_column_inner width=&#8220;2\/3&#8243; tablet_sm_width=&#8220;1-2&#8243;]<video class=\"eut-element eut-embed-video\"  loop=\"loop\" muted=\"muted\" autoplay=\"autoplay\"><source src=\"http:\/\/www.farmacia-italiana.it\/wp-content\/uploads\/2019\/04\/organizzare-lo-spazio.mp4\" type=\"video\/mp4\"><\/video>[\/vc_column_inner][vc_column_inner width=&#8220;1\/3&#8243; tablet_width=&#8220;1-2&#8243;][vc_custom_heading text=&#8220;Den Raum organisieren&#8220; font_container=&#8220;tag:h4|text_align:left&#8220; use_theme_fonts=&#8220;yes&#8220;]<div class=\"eut-empty-space eut-height-1x\" style=\"\"><\/div>[vc_column_text]Planung, Gestaltung und Aufwertung der R\u00e4ume, mit dem Ziel, Verkaufsgelegenheiten zu steigern, indem das Warensortiment, die Sonderaktionen und die Dienstleistungen korrekt mitgeteilt werden.<br \/>\nDas Verkaufslayout definiert den korrekten Raum f\u00fcr die verschiedenen Kategorien, es identifiziert die verschiedenen Abteilungen, die Bereiche mit den Verkaufsangeboten und den saisonalen Produkten die Bereiche f\u00fcr den Impulsverkauf , die Punkte f\u00fcr Service und Beratung.[\/vc_column_text][\/vc_column_inner][\/vc_row_inner][\/vc_column][\/vc_row][vc_row padding_top_multiplier=&#8220;2x&#8220; padding_bottom_multiplier=&#8220;2x&#8220; columns_gap=&#8220;60&#8243;][vc_column][vc_row_inner el_class=&#8220;middle-row&#8220;][vc_column_inner width=&#8220;1\/3&#8243; tablet_sm_width=&#8220;1-2&#8243;][vc_custom_heading text=&#8220;Emotionen schaffen&#8220; font_container=&#8220;tag:h4|text_align:left&#8220; use_theme_fonts=&#8220;yes&#8220;]<div class=\"eut-empty-space eut-height-1x\" style=\"\"><\/div>[vc_column_text]Analyse der architektonischen Eigenschaften des Raums, der Materialien, der Farben und der Finishs mit dem Ziel, den Raum zu organisieren und einzigartig zu machen.<br \/>\nPlanung der am besten geeigneten Beleuchtung, um die perzeptive Qualit\u00e4t der R\u00e4ume hinsichtlich der Warenbereiche hervorzuheben und den Kunden auf seinem Verkaufsweg zu orientieren.<br \/>\nVisual System, die Erschaffung einer visuellen Strategie f\u00fcr eine emotionale Orientierung, ein koh\u00e4rentes System, das auf graphische Elemente und Signalelemente basiert, Kommunikation f\u00fcr Verkaufs- und Beratungsr\u00e4ume.[\/vc_column_text][\/vc_column_inner][vc_column_inner width=&#8220;2\/3&#8243; tablet_sm_width=&#8220;1-2&#8243;]<div class=\"eut-element eut-image eut-align-center\" style=\"\">  <div class=\"eut-image-wrapper\"><img width=\"1024\" height=\"683\" src=\"https:\/\/www.farmacia-italiana.it\/wp-content\/uploads\/2019\/04\/creare-emozioni-1024x683.jpg\" class=\"attachment-large size-large\" alt=\"dettaglio visual system\" loading=\"lazy\" srcset=\"https:\/\/www.farmacia-italiana.it\/wp-content\/uploads\/2019\/04\/creare-emozioni-1024x683.jpg 1024w, https:\/\/www.farmacia-italiana.it\/wp-content\/uploads\/2019\/04\/creare-emozioni-300x200.jpg 300w, https:\/\/www.farmacia-italiana.it\/wp-content\/uploads\/2019\/04\/creare-emozioni-768x512.jpg 768w, https:\/\/www.farmacia-italiana.it\/wp-content\/uploads\/2019\/04\/creare-emozioni-1920x1280.jpg 1920w\" sizes=\"(max-width: 1024px) 100vw, 1024px\" \/>   <\/div><\/div>[\/vc_column_inner][\/vc_row_inner][\/vc_column][\/vc_row][vc_row padding_top_multiplier=&#8220;2x&#8220; padding_bottom_multiplier=&#8220;2x&#8220; columns_gap=&#8220;60&#8243;][vc_column][vc_row_inner el_class=&#8220;middle-row&#8220;][vc_column_inner width=&#8220;2\/3&#8243; tablet_sm_width=&#8220;1-2&#8243;]<div class=\"eut-element eut-image eut-align-center\" style=\"\">  <div class=\"eut-image-wrapper\"><img width=\"1024\" height=\"580\" src=\"https:\/\/www.farmacia-italiana.it\/wp-content\/uploads\/2019\/04\/allestire-e-comunicare-1024x580.jpg\" class=\"attachment-large size-large\" alt=\"scaffale per farmacie\" loading=\"lazy\" srcset=\"https:\/\/www.farmacia-italiana.it\/wp-content\/uploads\/2019\/04\/allestire-e-comunicare-1024x580.jpg 1024w, https:\/\/www.farmacia-italiana.it\/wp-content\/uploads\/2019\/04\/allestire-e-comunicare-300x170.jpg 300w, https:\/\/www.farmacia-italiana.it\/wp-content\/uploads\/2019\/04\/allestire-e-comunicare-768x435.jpg 768w, https:\/\/www.farmacia-italiana.it\/wp-content\/uploads\/2019\/04\/allestire-e-comunicare-1920x1087.jpg 1920w\" sizes=\"(max-width: 1024px) 100vw, 1024px\" \/>   <\/div><\/div>[\/vc_column_inner][vc_column_inner width=&#8220;1\/3&#8243; tablet_sm_width=&#8220;1-2&#8243;][vc_custom_heading text=&#8220;Einrichten und kommunizieren&#8220; font_container=&#8220;tag:h4|text_align:left&#8220; use_theme_fonts=&#8220;yes&#8220;]<div class=\"eut-empty-space eut-height-1x\" style=\"\"><\/div>[vc_column_text]Planung des Visual Merchandising f\u00fcr eine wirkungsvolle Ausstellung der Produkte im Verkaufspunkt im Einklang mit den Sonderaktionen und den Verkaufsstrategien.<br \/>\nIdentifikation der \u00e4hnlichen oder komplement\u00e4ren Produkte, die nach Funktion, Gebrauch und Preisbereich ausgestellt sind.\u00a0Einrichtung der Regale, Schaufenster, Beratungsbereiche und der Bereiche f\u00fcr Sonderaktionen, um den Kunden zu stimulieren und in ihm eine h\u00f6here Aufmerksamkeit zu wecken, damit sich die Verkaufsvolumen erh\u00f6hen.[\/vc_column_text][\/vc_column_inner][\/vc_row_inner][\/vc_column][\/vc_row][vc_row padding_top_multiplier=&#8220;4x&#8220; section_id=&#8220;identity&#8220;][vc_column][vc_custom_heading text=&#8220;Identity&#8220; font_container=&#8220;tag:h2|text_align:center&#8220; use_theme_fonts=&#8220;yes&#8220;][\/vc_column][\/vc_row][vc_row padding_top_multiplier=&#8220;2x&#8220; padding_bottom_multiplier=&#8220;2x&#8220; columns_gap=&#8220;60&#8243;][vc_column][vc_row_inner el_class=&#8220;middle-row&#8220;][vc_column_inner width=&#8220;1\/3&#8243;][vc_column_text]Graphische Elemente, welche die Marke kennzeichnen und den Kunden informieren, entworfen, um die \u00e4sthetische Koh\u00e4renz des Raums beizubehalten und mit der richtigen Stimme Ihre Identit\u00e4t und Ihre Werte mitzuteilen.[\/vc_column_text][\/vc_column_inner][vc_column_inner width=&#8220;2\/3&#8243;]<div class=\"eut-element eut-image eut-align-center\" style=\"\">  <div class=\"eut-image-wrapper\"><img width=\"1024\" height=\"683\" src=\"https:\/\/www.farmacia-italiana.it\/wp-content\/uploads\/2019\/04\/identity-1024x683.jpg\" class=\"attachment-large size-large\" alt=\"\" loading=\"lazy\" srcset=\"https:\/\/www.farmacia-italiana.it\/wp-content\/uploads\/2019\/04\/identity-1024x683.jpg 1024w, https:\/\/www.farmacia-italiana.it\/wp-content\/uploads\/2019\/04\/identity-300x200.jpg 300w, https:\/\/www.farmacia-italiana.it\/wp-content\/uploads\/2019\/04\/identity-768x512.jpg 768w, https:\/\/www.farmacia-italiana.it\/wp-content\/uploads\/2019\/04\/identity-1920x1280.jpg 1920w\" sizes=\"(max-width: 1024px) 100vw, 1024px\" \/>   <\/div><\/div>[\/vc_column_inner][\/vc_row_inner][\/vc_column][\/vc_row][vc_row padding_top_multiplier=&#8220;4x&#8220; section_id=&#8220;marketing&#8220;][vc_column][vc_custom_heading text=&#8220;Marketing&#8220; font_container=&#8220;tag:h2|text_align:center&#8220; use_theme_fonts=&#8220;yes&#8220;][\/vc_column][\/vc_row][vc_row padding_top_multiplier=&#8220;2x&#8220; padding_bottom_multiplier=&#8220;2x&#8220; columns_gap=&#8220;60&#8243;][vc_column][vc_row_inner][vc_column_inner width=&#8220;1\/2&#8243;][vc_column_text]Die Planung und Gestaltung des Verkaufsraums beginnt mit einer Analyse der Vision, mit der Lage der einzelnen Apotheke, mit der Pr\u00fcfung des Competitor, mit dem Verlauf des Sell-outs hinsichtlich der Initiativen des Verkaufspunktes und der Pharmazeutikunternehmen: Diese Untersuchung erlaubt, eine Marketingstrategie festzulegen und neue Wachstumschancen zu gew\u00e4hrleisten.[\/vc_column_text][\/vc_column_inner][vc_column_inner width=&#8220;1\/2&#8243;][vc_column_text]<\/p>\n<ul>\n<li>Gr\u00fcndliche Analyse des Umsatzes<\/li>\n<li>Analyse der Preise der wichtigsten Produkte auf den M\u00e4rkten Selbstmedikation und Drogeriemittel<\/li>\n<li>Untersuchung des Potenzials hinsichtlich der Eigenschaften des Benutzerkreises<\/li>\n<\/ul>\n<p>[\/vc_column_text][\/vc_column_inner][\/vc_row_inner][\/vc_column][\/vc_row][vc_row padding_bottom_multiplier=&#8220;4x&#8220;][vc_column mobile_width=&#8220;hide&#8220;]<div class=\"eut-element eut-align-center\"><a href=\"#metodo\" title=\"Entdecken Sie unsere Methode\" class=\"eut-btn eut-btn-extralarge eut-extra-round eut-bg-black eut-bg-hover-black eut-btn-line\"><span>Entdecken Sie unsere Methode<\/span><\/a><\/div>[\/vc_column][\/vc_row][vc_row bg_type=&#8220;image&#8220; bg_image=&#8220;4286&#8243; padding_top_multiplier=&#8220;6x&#8220; padding_bottom_multiplier=&#8220;6x&#8220; section_id=&#8220;metodo&#8220;][vc_column][\/vc_column][\/vc_row][vc_row padding_top_multiplier=&#8220;3x&#8220; el_wrapper_class=&#8220;middle-row&#8220;][vc_column width=&#8220;1\/3&#8243;][vc_custom_heading text=&#8220;Die Methode&#8220; font_container=&#8220;tag:h1|text_align:left&#8220; use_theme_fonts=&#8220;yes&#8220;][\/vc_column][vc_column width=&#8220;2\/3&#8243;][vc_custom_heading text=&#8220;Aufstellung eines pr\u00e4ventives Vorprojekts und Zuweisung eines Ansprechpartners.&#8220; font_container=&#8220;tag:h3|text_align:left&#8220; use_theme_fonts=&#8220;yes&#8220;][vc_column_text]<span style=\"font-weight: 400;\">Die Koordination mit den Unternehmen f\u00fcr die schnelle, fachm\u00e4nnische Ausf\u00fchrung der Arbeiten wird \u00fcber die Ernennung eines Tutors garantiert, der die Einhaltung der Zeiten, Effizienz und die Einhaltung der geltenden Vorschriften gew\u00e4hrleistet.<br \/>\n<\/span>[\/vc_column_text][\/vc_column][\/vc_row][vc_row padding_top_multiplier=&#8220;3x&#8220; equal_column_height=&#8220;equal-column&#8220; mobile_equal_column_height=&#8220;false&#8220;][vc_column width=&#8220;1\/4&#8243; mobile_width=&#8220;1&#8243;][vc_custom_heading text=&#8220;PROJEKTABTEILUNG&#8220; font_container=&#8220;tag:h6|text_align:left&#8220; use_theme_fonts=&#8220;yes&#8220;][vc_column_text]<\/p>\n<ul>\n<li>Verkaufslayout<\/li>\n<li>Architektonisches Projekt<\/li>\n<li>Durchf\u00fchrungsentw\u00fcrfe<\/li>\n<li>Lichttechnisches Projekt<\/li>\n<li>Visual System<\/li>\n<li>Verwaltungsaufgaben<\/li>\n<li>Aufstellung des Koordinationsplans<\/li>\n<\/ul>\n<p>[\/vc_column_text][\/vc_column][vc_column width=&#8220;1\/4&#8243; mobile_width=&#8220;1&#8243;][vc_custom_heading text=&#8220;ABTEILUNG TISCHLEREI&#8220; font_container=&#8220;tag:h6|text_align:left&#8220; use_theme_fonts=&#8220;yes&#8220;][vc_column_text]<\/p>\n<ul>\n<li>Holz<\/li>\n<li>Aluminium<\/li>\n<li>Stahl<\/li>\n<li>Lackierungen<\/li>\n<li>Corian<\/li>\n<li>Glas<\/li>\n<li>Marmor<\/li>\n<\/ul>\n<p>[\/vc_column_text][\/vc_column][vc_column width=&#8220;1\/4&#8243; mobile_width=&#8220;1&#8243;][vc_custom_heading text=&#8220;ABTEILUNG VERKLEIDUNGEN&#8220; font_container=&#8220;tag:h6|text_align:left&#8220; use_theme_fonts=&#8220;yes&#8220;][vc_column_text]<\/p>\n<ul>\n<li>Gipsplatten<\/li>\n<li>Farbgebungen<\/li>\n<li>B\u00f6den<\/li>\n<li>Mauerverkleidungen<\/li>\n<li>Beleuchtungsger\u00e4te<\/li>\n<li>Einfassungen und Automatismen<\/li>\n<\/ul>\n<p>[\/vc_column_text][\/vc_column][vc_column width=&#8220;1\/4&#8243; mobile_width=&#8220;1&#8243;][vc_custom_heading text=&#8220;ABTEILUNG ANLAGEN&#8220; font_container=&#8220;tag:h6|text_align:left&#8220; use_theme_fonts=&#8220;yes&#8220;][vc_column_text]<\/p>\n<ul>\n<li>Elektrische Anlagen<\/li>\n<li>Hydrothermische Sanit\u00e4ranlagen<\/li>\n<li>Klimaanlagen<\/li>\n<li>VMC-Anlagen<\/li>\n<li>Alarm- und Video\u00fcberwachungsanlagen<\/li>\n<li>Domotik<\/li>\n<\/ul>\n<p>[\/vc_column_text][\/vc_column][\/vc_row][vc_row padding_top_multiplier=&#8220;3x&#8220; columns_gap=&#8220;60&#8243; equal_column_height=&#8220;middle-content&#8220;][vc_column width=&#8220;1\/3&#8243; tablet_sm_width=&#8220;1-2&#8243;][vc_custom_heading text=&#8220;REALISIERUNG, LIEFERUNG UND INSTALLATION&#8220; font_container=&#8220;tag:h5|text_align:left&#8220; use_theme_fonts=&#8220;yes&#8220;][vc_column_text]Unser erfahrenes Montageteam garantiert die Optimierung er Zeiten und Perfektion bei der Installation der Einrichtungen.[\/vc_column_text]<div class=\"eut-empty-space eut-height-1x\" style=\"\"><\/div>[vc_custom_heading text=&#8220;VORTEILE&#8220; font_container=&#8220;tag:h5|text_align:left&#8220; use_theme_fonts=&#8220;yes&#8220;][vc_column_text]<\/p>\n<ul>\n<li>Italienische Handwerkskunst schl\u00fcsselfertig geliefert<\/li>\n<li>Flexibilit\u00e4t bei der Planung und den technischen Arbeiten<\/li>\n<li>Hoher qualitativer Standard, Effizienz und Sicherheit<\/li>\n<li>Lieferung unter Einhaltung der Zeiten und des Budgets<\/li>\n<\/ul>\n<p>[\/vc_column_text][\/vc_column][vc_column width=&#8220;2\/3&#8243; tablet_sm_width=&#8220;1-2&#8243;]<div class=\"eut-element eut-image eut-align-center\" style=\"\">  <div class=\"eut-image-wrapper\"><img width=\"2860\" height=\"1907\" src=\"https:\/\/www.farmacia-italiana.it\/wp-content\/uploads\/2019\/04\/metodo-02.jpg\" class=\"attachment-full size-full\" alt=\"\" loading=\"lazy\" srcset=\"https:\/\/www.farmacia-italiana.it\/wp-content\/uploads\/2019\/04\/metodo-02.jpg 2860w, https:\/\/www.farmacia-italiana.it\/wp-content\/uploads\/2019\/04\/metodo-02-300x200.jpg 300w, https:\/\/www.farmacia-italiana.it\/wp-content\/uploads\/2019\/04\/metodo-02-768x512.jpg 768w, https:\/\/www.farmacia-italiana.it\/wp-content\/uploads\/2019\/04\/metodo-02-1024x683.jpg 1024w, https:\/\/www.farmacia-italiana.it\/wp-content\/uploads\/2019\/04\/metodo-02-1920x1280.jpg 1920w\" sizes=\"(max-width: 2860px) 100vw, 2860px\" \/>   <\/div><\/div>[\/vc_column][\/vc_row][vc_row padding_top_multiplier=&#8220;3x&#8220;][vc_column]<div class=\"eut-element eut-align-center\"><a href=\"http:\/\/www.farmacia-italiana.it\/de\/contatti\/\" title=\"KONTAKTIEREN SIE UNS\" class=\"eut-btn eut-btn-extralarge eut-extra-round eut-bg-black eut-bg-hover-black eut-btn-line\"><span>KONTAKTIEREN SIE UNS<\/span><\/a><\/div>[\/vc_column][\/vc_row]<\/p>\n","protected":false},"excerpt":{"rendered":"<p>[vc_row][vc_column width=&#8220;1\/6&#8243;][\/vc_column][vc_column width=&#8220;2\/3&#8243;][vc_custom_heading text=&#8220;Dienstleistungen&#8220; font_container=&#8220;tag:h1|text_align:center&#8220; use_theme_fonts=&#8220;yes&#8220;][vc_custom_heading text=&#8220;Farmacia Italiana stellt sich Apotheken und Drogerien vor, plant , gestaltet und realisiert sie.&#8220; font_container=&#8220;tag:h3|text_align:center&#8220; use_theme_fonts=&#8220;yes&#8220;][\/vc_column][vc_column width=&#8220;1\/6&#8243;][\/vc_column][\/vc_row][vc_row columns_gap=&#8220;60&#8243; equal_column_height=&#8220;equal-column&#8220; mobile_equal_column_height=&#8220;false&#8220; section_id=&#8220;servizi-subheader&#8220;][vc_column width=&#8220;1\/2&#8243; text_align=&#8220;right&#8220;][vc_custom_heading text=&#8220;Neue Er\u00f6ffnungen&#8220; font_container=&#8220;tag:h4|text_align:right&#8220; use_theme_fonts=&#8220;yes&#8220;][vc_custom_heading text=&#8220;DEN RAUM F\u00dcR EINE FREUNDLICHE UND FUNKTIONALE APOTHEKE GESTALTEN&#8220; font_container=&#8220;tag:h6|text_align:right&#8220; use_theme_fonts=&#8220;yes&#8220;][\/vc_column][vc_column width=&#8220;1\/2&#8243;][vc_custom_heading text=&#8220;Umgestaltungen&#8220; font_container=&#8220;tag:h4|text_align:left&#8220; use_theme_fonts=&#8220;yes&#8220;][vc_custom_heading text=&#8220;DEN RAUM VER\u00c4NDERN, UM NEUEN TRENDS UND [&hellip;]<\/p>\n","protected":false},"author":1,"featured_media":0,"parent":0,"menu_order":0,"comment_status":"closed","ping_status":"closed","template":"","meta":[],"_links":{"self":[{"href":"https:\/\/www.farmacia-italiana.it\/de\/wp-json\/wp\/v2\/pages\/4587"}],"collection":[{"href":"https:\/\/www.farmacia-italiana.it\/de\/wp-json\/wp\/v2\/pages"}],"about":[{"href":"https:\/\/www.farmacia-italiana.it\/de\/wp-json\/wp\/v2\/types\/page"}],"author":[{"embeddable":true,"href":"https:\/\/www.farmacia-italiana.it\/de\/wp-json\/wp\/v2\/users\/1"}],"replies":[{"embeddable":true,"href":"https:\/\/www.farmacia-italiana.it\/de\/wp-json\/wp\/v2\/comments?post=4587"}],"version-history":[{"count":11,"href":"https:\/\/www.farmacia-italiana.it\/de\/wp-json\/wp\/v2\/pages\/4587\/revisions"}],"predecessor-version":[{"id":4623,"href":"https:\/\/www.farmacia-italiana.it\/de\/wp-json\/wp\/v2\/pages\/4587\/revisions\/4623"}],"wp:attachment":[{"href":"https:\/\/www.farmacia-italiana.it\/de\/wp-json\/wp\/v2\/media?parent=4587"}],"curies":[{"name":"wp","href":"https:\/\/api.w.org\/{rel}","templated":true}]}}