{"id":3995,"date":"2019-02-21T17:36:54","date_gmt":"2019-02-21T16:36:54","guid":{"rendered":"http:\/\/www.farmacia-italiana.it\/?page_id=3995"},"modified":"2019-07-28T19:20:10","modified_gmt":"2019-07-28T17:20:10","slug":"chi-siamo","status":"publish","type":"page","link":"https:\/\/www.farmacia-italiana.it\/fr\/chi-siamo\/","title":{"rendered":"Chi siamo"},"content":{"rendered":"<p>[vc_row padding_top_multiplier=\u00a0\u00bb2x\u00a0\u00bb padding_bottom_multiplier=\u00a0\u00bb2x\u00a0\u00bb equal_column_height=\u00a0\u00bbmiddle-content\u00a0\u00bb][vc_column width=\u00a0\u00bb1\/3&Prime;][vc_custom_heading text=\u00a0\u00bbFarmacia Italiana\u00a0\u00bb font_container=\u00a0\u00bbtag:h1|text_align:left\u00a0\u00bb use_theme_fonts=\u00a0\u00bbyes\u00a0\u00bb][\/vc_column][vc_column width=\u00a0\u00bb2\/3&Prime;][vc_column_text]<strong>Farmacia Italiana est une entreprise sp\u00e9cialis\u00e9e dans le s\u00e9cteur pharmacie, sant\u00e9 et baut\u00e9.<\/strong><\/p>\n<p>Elle propose solutions de project pens\u00e9 pour costruire r\u00e9lactions: atmosph\u00e9res originales, cr\u00e9es pour le clients, qui racconte une<br \/>\n\u00e9motion et accompagne l&rsquo;\u00e9xperience de vente.<br \/>\nUn parcour qui comprend analyse de march\u00e9, layout commerciales, strat\u00e9gies visive, brand identity.<\/p>\n<p>Projecter et produire les meubles sont les points de force d&rsquo;une entreprise attentif aux innovations, au design et optimisation des prixs. Coordination de toutes les phases cr\u00e9atifs et r\u00e8alisatifs, garantissent le respect du budget et le controle du temp d&rsquo;\u00e9xecution<\/p>\n<p><strong>Les chanjement sont positifs. Collaborer pour porter solutions.<\/strong>[\/vc_column_text][\/vc_column][\/vc_row][vc_row section_type=\u00a0\u00bbfullwidth\u00a0\u00bb padding_top_multiplier=\u00a0\u00bb4x\u00a0\u00bb padding_bottom_multiplier=\u00a0\u00bb2x\u00a0\u00bb columns_gap=\u00a0\u00bb60&Prime;][vc_column vertical_content_position=\u00a0\u00bbmiddle\u00a0\u00bb][vc_row_inner el_class=\u00a0\u00bbmiddle-row\u00a0\u00bb][vc_column_inner width=\u00a0\u00bb2\/3&Prime;]<video class=\"eut-element eut-embed-video\"  loop=\"loop\" muted=\"muted\" autoplay=\"autoplay\"><source src=\"http:\/\/www.farmacia-italiana.it\/wp-content\/uploads\/2019\/04\/FI-produzione.mp4\" type=\"video\/mp4\"><\/video>[\/vc_column_inner][vc_column_inner width=\u00a0\u00bb1\/3&Prime;][vc_custom_heading text=\u00a0\u00bbL\u2019ENTREPRISE\u00a0\u00bb font_container=\u00a0\u00bbtag:h6|text_align:left|line_height:1&Prime; use_theme_fonts=\u00a0\u00bbyes\u00a0\u00bb css=\u00a0\u00bb.vc_custom_1564333852627{margin-bottom: 0px !important;}\u00a0\u00bb][vc_custom_heading text=\u00a0\u00bbProduction\u00a0\u00bb use_theme_fonts=\u00a0\u00bbyes\u00a0\u00bb]<div class=\"eut-empty-space eut-height-1x\" style=\"\"><\/div>[vc_column_text]La production Farmacia Italiana est costitu\u00e9 de diff\u00e8rents rayons: la division Bois, alluminium,et mat\u00e9riaux en fer, lavoration du Corian, mat\u00e9riaux plastiques, acrochage lumi\u00e9r.<\/p>\n<p>L&rsquo;\u00e9xperience de main d&rsquo;oeuvre sp\u00e9cialistique qui viens des menuisiers Veneti et les machines avec t\u00e9cnologies tr\u00eas avanc\u00e9es, nous permis de r\u00e9aliser un prix unique et une production serial d&rsquo;haut qualit\u00e8.[\/vc_column_text][\/vc_column_inner][\/vc_row_inner][\/vc_column][\/vc_row][vc_row section_type=\u00a0\u00bbfullwidth\u00a0\u00bb padding_top_multiplier=\u00a0\u00bb2x\u00a0\u00bb padding_bottom_multiplier=\u00a0\u00bb5x\u00a0\u00bb columns_gap=\u00a0\u00bb60&Prime;][vc_column vertical_content_position=\u00a0\u00bbmiddle\u00a0\u00bb][vc_row_inner el_class=\u00a0\u00bbmiddle-row\u00a0\u00bb][vc_column_inner width=\u00a0\u00bb1\/3&Prime;][vc_custom_heading text=\u00a0\u00bbL\u2019ENTREPRISE\u00a0\u00bb font_container=\u00a0\u00bbtag:h6|text_align:left|line_height:1&Prime; use_theme_fonts=\u00a0\u00bbyes\u00a0\u00bb css=\u00a0\u00bb.vc_custom_1564333920834{margin-bottom: 0px !important;}\u00a0\u00bb][vc_custom_heading text=\u00a0\u00bbContract\u00a0\u00bb use_theme_fonts=\u00a0\u00bbyes\u00a0\u00bb]<div class=\"eut-empty-space eut-height-1x\" style=\"\"><\/div>[vc_column_text]Contacts quotidiens avec architects et projects plus articul\u00e8s nous ons port\u00e9 une grande \u00e9xperience dans la gestions des commissions, qui int\u00e9r\u00eassent pas seulement le s\u00e9cteur des pharmacies mais aussi le contract: polidispensaires et studio de m\u00e9dicine, centres wellness et salons, grand villa et hotels, amenagements \u00e9xpositifs et mus\u00e9s.[\/vc_column_text][\/vc_column_inner][vc_column_inner width=\u00a0\u00bb2\/3&Prime;]<div class=\"eut-element eut-slider eut-layout-1 eut-gallery-popup\"  style=\" \">  <div class=\"eut-carousel-wrapper\"><div class=\"eut-carousel-navigation eut-dark eut-navigation-1 eut-navigation-default\">\t<div class=\"eut-carousel-buttons\">\t\t<div class=\"eut-carousel-prev\">\t\t\t<i class=\"eut-icon-nav-left-small\"><\/i>\t\t<\/div>\t\t<div class=\"eut-carousel-next\">\t\t\t<i class=\"eut-icon-nav-right-small\"><\/i>\t\t<\/div>\t<\/div><\/div><div class=\"eut-slider-element owl-carousel eut-theme\" data-slider-speed=\"3500\" data-slider-pause=\"no\" data-slider-autoplay=\"yes\" data-slider-loop=\"yes\" data-slider-transition=\"slide\" data-slider-autoheight=\"no\" data-pagination=\"no\"><div class=\"eut-slider-item eut-hover-item eut-hover-style-none\">  <figure class=\"eut-image-hover eut-zoom-none\"><div class=\"eut-media\"><img width=\"1000\" height=\"658\" src=\"https:\/\/www.farmacia-italiana.it\/wp-content\/uploads\/2019\/04\/01-1000x658.jpg\" class=\"attachment-fildisi-eutf-large-rect-horizontal size-fildisi-eutf-large-rect-horizontal\" alt=\"\" loading=\"lazy\" \/><\/div>  <\/figure><\/div><div class=\"eut-slider-item eut-hover-item eut-hover-style-none\">  <figure class=\"eut-image-hover eut-zoom-none\"><div class=\"eut-media\"><img width=\"1000\" height=\"658\" src=\"https:\/\/www.farmacia-italiana.it\/wp-content\/uploads\/2019\/04\/02-1000x658.jpg\" class=\"attachment-fildisi-eutf-large-rect-horizontal size-fildisi-eutf-large-rect-horizontal\" alt=\"\" loading=\"lazy\" \/><\/div>  <\/figure><\/div><div class=\"eut-slider-item eut-hover-item eut-hover-style-none\">  <figure class=\"eut-image-hover eut-zoom-none\"><div class=\"eut-media\"><img width=\"1000\" height=\"658\" src=\"https:\/\/www.farmacia-italiana.it\/wp-content\/uploads\/2019\/04\/03-1000x658.jpg\" class=\"attachment-fildisi-eutf-large-rect-horizontal size-fildisi-eutf-large-rect-horizontal\" alt=\"\" loading=\"lazy\" \/><\/div>  <\/figure><\/div><div class=\"eut-slider-item eut-hover-item eut-hover-style-none\">  <figure class=\"eut-image-hover eut-zoom-none\"><div class=\"eut-media\"><img width=\"1000\" height=\"658\" src=\"https:\/\/www.farmacia-italiana.it\/wp-content\/uploads\/2019\/04\/04-1000x658.jpg\" class=\"attachment-fildisi-eutf-large-rect-horizontal size-fildisi-eutf-large-rect-horizontal\" alt=\"\" loading=\"lazy\" \/><\/div>  <\/figure><\/div><div class=\"eut-slider-item eut-hover-item eut-hover-style-none\">  <figure class=\"eut-image-hover eut-zoom-none\"><div class=\"eut-media\"><img width=\"1000\" height=\"658\" src=\"https:\/\/www.farmacia-italiana.it\/wp-content\/uploads\/2019\/04\/05-1000x658.jpg\" class=\"attachment-fildisi-eutf-large-rect-horizontal size-fildisi-eutf-large-rect-horizontal\" alt=\"\" loading=\"lazy\" \/><\/div>  <\/figure><\/div><div class=\"eut-slider-item eut-hover-item eut-hover-style-none\">  <figure class=\"eut-image-hover eut-zoom-none\"><div class=\"eut-media\"><img width=\"1000\" height=\"658\" src=\"https:\/\/www.farmacia-italiana.it\/wp-content\/uploads\/2019\/04\/06-1000x658.jpg\" class=\"attachment-fildisi-eutf-large-rect-horizontal size-fildisi-eutf-large-rect-horizontal\" alt=\"\" loading=\"lazy\" \/><\/div>  <\/figure><\/div><div class=\"eut-slider-item eut-hover-item eut-hover-style-none\">  <figure class=\"eut-image-hover eut-zoom-none\"><div class=\"eut-media\"><img width=\"1000\" height=\"658\" src=\"https:\/\/www.farmacia-italiana.it\/wp-content\/uploads\/2019\/04\/07-1000x658.jpg\" class=\"attachment-fildisi-eutf-large-rect-horizontal size-fildisi-eutf-large-rect-horizontal\" alt=\"\" loading=\"lazy\" \/><\/div>  <\/figure><\/div>\t<\/div>  <\/div><\/div>[\/vc_column_inner][\/vc_row_inner][\/vc_column][\/vc_row][vc_row heading_color=\u00a0\u00bblight\u00a0\u00bb section_full_height=\u00a0\u00bbfullheight\u00a0\u00bb bg_type=\u00a0\u00bbimage\u00a0\u00bb bg_image=\u00a0\u00bb4262&Prime; bg_image_size=\u00a0\u00bbfull\u00a0\u00bb bg_position=\u00a0\u00bbright-center\u00a0\u00bb padding_top_multiplier=\u00a0\u00bb\u00a0\u00bb padding_bottom_multiplier=\u00a0\u00bb\u00a0\u00bb section_id=\u00a0\u00bbgabriele-nardi\u00a0\u00bb][vc_column vertical_content_position=\u00a0\u00bbbottom\u00a0\u00bb][vc_raw_html]JTNDaDIlM0VHYWJyaWVsZSUyME5hcmRpJTNDJTJGaDIlM0U=[\/vc_raw_html][\/vc_column][\/vc_row][vc_row padding_top_multiplier=\u00a0\u00bb4x\u00a0\u00bb padding_bottom_multiplier=\u00a0\u00bb2x\u00a0\u00bb columns_gap=\u00a0\u00bb60&Prime; equal_column_height=\u00a0\u00bbequal-column\u00a0\u00bb][vc_column width=\u00a0\u00bb1\/3&Prime;][vc_column_text]<\/p>\n<h3>Racines<\/h3>\n<p>[\/vc_column_text]<div class=\"eut-element eut-divider eut-align-left\" style=\"padding-top: 10px;padding-bottom: 20px;\"><span class=\"eut-custom-divider eut-bg-custom\" style=\"width: 50px;height: 3px;background-color: #161616;\"><\/span><\/div>[vc_column_text]Le mileu ou il est grandi est le tissu manifacturi\u00e9 du Veneto.[\/vc_column_text][\/vc_column][vc_column width=\u00a0\u00bb1\/3&Prime;][vc_column_text]<\/p>\n<h3>Experiences<\/h3>\n<p>[\/vc_column_text]<div class=\"eut-element eut-divider eut-align-left\" style=\"padding-top: 10px;padding-bottom: 20px;\"><span class=\"eut-custom-divider eut-bg-custom\" style=\"width: 50px;height: 3px;background-color: #161616;\"><\/span><\/div>[vc_column_text]Les \u00e9xp\u00e8riences qui ont form\u00e8 Gariele Nardi se concretise en 40 ans a la conduite d&rsquo;entreprises historiques de meubles.[\/vc_column_text][\/vc_column][vc_column width=\u00a0\u00bb1\/3&Prime;][vc_column_text]<\/p>\n<h3>Comp\u00e9tences<\/h3>\n<p>[\/vc_column_text]<div class=\"eut-element eut-divider eut-align-left\" style=\"padding-top: 10px;padding-bottom: 20px;\"><span class=\"eut-custom-divider eut-bg-custom\" style=\"width: 50px;height: 3px;background-color: #161616;\"><\/span><\/div>[vc_column_text]Ces comp\u00e9tences sont racin\u00e9s dans la production artisanal et industrielle[\/vc_column_text][\/vc_column][\/vc_row][vc_row padding_top_multiplier=\u00a0\u00bb2x\u00a0\u00bb padding_bottom_multiplier=\u00a0\u00bb\u00a0\u00bb equal_column_height=\u00a0\u00bbmiddle-content\u00a0\u00bb][vc_column width=\u00a0\u00bb1\/4&Prime; mobile_width=\u00a0\u00bbhide\u00a0\u00bb]<div class=\"eut-element eut-image eut-align-center\" style=\"\">  <div class=\"eut-image-wrapper\"><img width=\"560\" height=\"560\" src=\"https:\/\/www.farmacia-italiana.it\/wp-content\/uploads\/2019\/04\/farmacia-italiana-esperienze-2-560x560.jpg\" class=\"attachment-fildisi-eutf-small-square size-fildisi-eutf-small-square\" alt=\"\" loading=\"lazy\" srcset=\"https:\/\/www.farmacia-italiana.it\/wp-content\/uploads\/2019\/04\/farmacia-italiana-esperienze-2-560x560.jpg 560w, https:\/\/www.farmacia-italiana.it\/wp-content\/uploads\/2019\/04\/farmacia-italiana-esperienze-2-150x150.jpg 150w, https:\/\/www.farmacia-italiana.it\/wp-content\/uploads\/2019\/04\/farmacia-italiana-esperienze-2-300x300.jpg 300w, https:\/\/www.farmacia-italiana.it\/wp-content\/uploads\/2019\/04\/farmacia-italiana-esperienze-2-768x768.jpg 768w, https:\/\/www.farmacia-italiana.it\/wp-content\/uploads\/2019\/04\/farmacia-italiana-esperienze-2-900x900.jpg 900w, https:\/\/www.farmacia-italiana.it\/wp-content\/uploads\/2019\/04\/farmacia-italiana-esperienze-2.jpg 1000w\" sizes=\"(max-width: 560px) 100vw, 560px\" \/>   <\/div><\/div>[\/vc_column][vc_column width=\u00a0\u00bb1\/4&Prime; text_align=\u00a0\u00bbcenter\u00a0\u00bb][vc_column_text]<\/p>\n<h4>Responsable de production CIDUE<\/h4>\n<p>[\/vc_column_text]<div class=\"eut-empty-space eut-height-1x\" style=\"\"><\/div><div class=\"eut-element eut-align-center\"><a href=\"#cidue-modal\" class=\"eut-btn eut-btn-medium eut-extra-round eut-bg-black eut-bg-hover-black eut-btn-line eut-modal-popup\"><span>D\u00c9COUVRE ENCORE<\/span><\/a><\/div>\t\t\t<div class=\"eut-modal-element mfp-hide eut-modal-dialog eut-bg-white eut-drop-shadow eut-content-small\" id=\"cidue-modal\">\r\n\t\t\t\t<div class=\"eut-section eut-modal-section\">\r\n\t\t\t\t\t<div class=\"eut-container\">\r\n\t\t\t\t\t\t<div class=\"eut-row eut-columns-gap-30\">\r\n\t\t\t\t\t\t\t<div class=\"eut-column eut-column-1\">\r\n\t\t\t\t\t\t\t[vc_column_text]<\/p>\n<h6>PRINCIPALES FURNITURES CIDUE<\/h6>\n<ul>\n<li>-Furnisseurs officiels Porche A.G.<\/li>\n<li>J.Marie Fashion House, Dusseldorf<\/li>\n<li>Fora Hotel, Hannover<\/li>\n<li>Boureaux BCE Eurotower , London<\/li>\n<li>Kulturmuseum Kiens, Lucerna<\/li>\n<li>Hewlett Packard Centre, Zurich<\/li>\n<li>U.B.S. Union des banque Swisse, Gen\u00e8ve<\/li>\n<li>Metro Fierenclub, Grundisee<\/li>\n<li>Commerz Bank, Lipsia<\/li>\n<li>CN Tower, Toronto<\/li>\n<li>Mus\u00e9e d&rsquo;histoir natur\u00e9l, Berne (CH)<\/li>\n<li>Sale des violons Castello Sforzesco (Milan-Italy)<\/li>\n<li>McDonald&rsquo;s Fast Food, Mokba<\/li>\n<\/ul>\n<p>[\/vc_column_text]\t\t\t\t\t\t\t<\/div>\r\n\t\t\t\t\t\t<\/div>\r\n\t\t\t\t\t<\/div>\r\n\t\t\t\t<\/div>\r\n\t\t\t<\/div>\r\n\t\t[\/vc_column][vc_column width=\u00a0\u00bb1\/4&Prime; mobile_width=\u00a0\u00bbhide\u00a0\u00bb]<div class=\"eut-element eut-image eut-align-center\" style=\"\">  <div class=\"eut-image-wrapper\"><img width=\"560\" height=\"560\" src=\"https:\/\/www.farmacia-italiana.it\/wp-content\/uploads\/2019\/04\/farmacia-italiana-esperienze-5-560x560.jpg\" class=\"attachment-fildisi-eutf-small-square size-fildisi-eutf-small-square\" alt=\"farmacia-italiana-esperienze-5\" loading=\"lazy\" srcset=\"https:\/\/www.farmacia-italiana.it\/wp-content\/uploads\/2019\/04\/farmacia-italiana-esperienze-5-560x560.jpg 560w, https:\/\/www.farmacia-italiana.it\/wp-content\/uploads\/2019\/04\/farmacia-italiana-esperienze-5-150x150.jpg 150w, https:\/\/www.farmacia-italiana.it\/wp-content\/uploads\/2019\/04\/farmacia-italiana-esperienze-5-300x300.jpg 300w, https:\/\/www.farmacia-italiana.it\/wp-content\/uploads\/2019\/04\/farmacia-italiana-esperienze-5-768x768.jpg 768w, https:\/\/www.farmacia-italiana.it\/wp-content\/uploads\/2019\/04\/farmacia-italiana-esperienze-5-900x900.jpg 900w, https:\/\/www.farmacia-italiana.it\/wp-content\/uploads\/2019\/04\/farmacia-italiana-esperienze-5.jpg 1000w\" sizes=\"(max-width: 560px) 100vw, 560px\" \/>   <\/div><\/div>[\/vc_column][vc_column width=\u00a0\u00bb1\/4&Prime; mobile_width=\u00a0\u00bbhide\u00a0\u00bb]<div class=\"eut-element eut-image eut-align-center\" style=\"\">  <div class=\"eut-image-wrapper\"><img width=\"560\" height=\"560\" src=\"https:\/\/www.farmacia-italiana.it\/wp-content\/uploads\/2019\/04\/farmacia-italiana-esperienze-4-560x560.jpg\" class=\"attachment-fildisi-eutf-small-square size-fildisi-eutf-small-square\" alt=\"\" loading=\"lazy\" srcset=\"https:\/\/www.farmacia-italiana.it\/wp-content\/uploads\/2019\/04\/farmacia-italiana-esperienze-4-560x560.jpg 560w, https:\/\/www.farmacia-italiana.it\/wp-content\/uploads\/2019\/04\/farmacia-italiana-esperienze-4-150x150.jpg 150w, https:\/\/www.farmacia-italiana.it\/wp-content\/uploads\/2019\/04\/farmacia-italiana-esperienze-4-300x300.jpg 300w, https:\/\/www.farmacia-italiana.it\/wp-content\/uploads\/2019\/04\/farmacia-italiana-esperienze-4-768x768.jpg 768w, https:\/\/www.farmacia-italiana.it\/wp-content\/uploads\/2019\/04\/farmacia-italiana-esperienze-4-900x900.jpg 900w, https:\/\/www.farmacia-italiana.it\/wp-content\/uploads\/2019\/04\/farmacia-italiana-esperienze-4.jpg 1000w\" sizes=\"(max-width: 560px) 100vw, 560px\" \/>   <\/div><\/div>[\/vc_column][\/vc_row][vc_row padding_bottom_multiplier=\u00a0\u00bb2x\u00a0\u00bb equal_column_height=\u00a0\u00bbmiddle-content\u00a0\u00bb][vc_column width=\u00a0\u00bb1\/4&Prime; mobile_width=\u00a0\u00bbhide\u00a0\u00bb]<div class=\"eut-element eut-image eut-align-center\" style=\"\">  <div class=\"eut-image-wrapper\"><img width=\"479\" height=\"479\" src=\"https:\/\/www.farmacia-italiana.it\/wp-content\/uploads\/2019\/04\/farmacia-italiana-esperienze-6.jpg\" class=\"attachment-fildisi-eutf-small-square size-fildisi-eutf-small-square\" alt=\"\" loading=\"lazy\" srcset=\"https:\/\/www.farmacia-italiana.it\/wp-content\/uploads\/2019\/04\/farmacia-italiana-esperienze-6.jpg 479w, https:\/\/www.farmacia-italiana.it\/wp-content\/uploads\/2019\/04\/farmacia-italiana-esperienze-6-150x150.jpg 150w, https:\/\/www.farmacia-italiana.it\/wp-content\/uploads\/2019\/04\/farmacia-italiana-esperienze-6-300x300.jpg 300w\" sizes=\"(max-width: 479px) 100vw, 479px\" \/>   <\/div><\/div>[\/vc_column][vc_column width=\u00a0\u00bb1\/4&Prime; mobile_width=\u00a0\u00bbhide\u00a0\u00bb]<div class=\"eut-element eut-image eut-align-center\" style=\"\">  <div class=\"eut-image-wrapper\"><img width=\"479\" height=\"479\" src=\"https:\/\/www.farmacia-italiana.it\/wp-content\/uploads\/2019\/04\/farmacia-italiana-esperienze-7.jpg\" class=\"attachment-fildisi-eutf-small-square size-fildisi-eutf-small-square\" alt=\"\" loading=\"lazy\" srcset=\"https:\/\/www.farmacia-italiana.it\/wp-content\/uploads\/2019\/04\/farmacia-italiana-esperienze-7.jpg 479w, https:\/\/www.farmacia-italiana.it\/wp-content\/uploads\/2019\/04\/farmacia-italiana-esperienze-7-150x150.jpg 150w, https:\/\/www.farmacia-italiana.it\/wp-content\/uploads\/2019\/04\/farmacia-italiana-esperienze-7-300x300.jpg 300w\" sizes=\"(max-width: 479px) 100vw, 479px\" \/>   <\/div><\/div>[\/vc_column][vc_column width=\u00a0\u00bb1\/4&Prime; mobile_width=\u00a0\u00bbhide\u00a0\u00bb]<div class=\"eut-element eut-image eut-align-center\" style=\"\">  <div class=\"eut-image-wrapper\"><img width=\"560\" height=\"560\" src=\"https:\/\/www.farmacia-italiana.it\/wp-content\/uploads\/2019\/04\/farmacia-italiana-esperienze-3-560x560.jpg\" class=\"attachment-fildisi-eutf-small-square size-fildisi-eutf-small-square\" alt=\"\" loading=\"lazy\" srcset=\"https:\/\/www.farmacia-italiana.it\/wp-content\/uploads\/2019\/04\/farmacia-italiana-esperienze-3-560x560.jpg 560w, https:\/\/www.farmacia-italiana.it\/wp-content\/uploads\/2019\/04\/farmacia-italiana-esperienze-3-150x150.jpg 150w, https:\/\/www.farmacia-italiana.it\/wp-content\/uploads\/2019\/04\/farmacia-italiana-esperienze-3-300x300.jpg 300w, https:\/\/www.farmacia-italiana.it\/wp-content\/uploads\/2019\/04\/farmacia-italiana-esperienze-3.jpg 667w\" sizes=\"(max-width: 560px) 100vw, 560px\" \/>   <\/div><\/div>[\/vc_column][vc_column width=\u00a0\u00bb1\/4&Prime; text_align=\u00a0\u00bbcenter\u00a0\u00bb][vc_column_text]<\/p>\n<h4>Amministrateur Omicron<\/h4>\n<p>[\/vc_column_text]<div class=\"eut-empty-space eut-height-1x\" style=\"\"><\/div><div class=\"eut-element eut-align-center\"><a href=\"#omicron-modal\" class=\"eut-btn eut-btn-medium eut-extra-round eut-bg-black eut-bg-hover-black eut-btn-line eut-modal-popup\"><span>D\u00c9COUVRE ENCORE<\/span><\/a><\/div>\t\t\t<div class=\"eut-modal-element mfp-hide eut-modal-dialog eut-bg-white eut-drop-shadow eut-content-small\" id=\"omicron-modal\">\r\n\t\t\t\t<div class=\"eut-section eut-modal-section\">\r\n\t\t\t\t\t<div class=\"eut-container\">\r\n\t\t\t\t\t\t<div class=\"eut-row eut-columns-gap-30\">\r\n\t\t\t\t\t\t\t<div class=\"eut-column eut-column-1\">\r\n\t\t\t\t\t\t\t[vc_column_text]<\/p>\n<h6>PRINCIPALES FURNITURES OMICRON<\/h6>\n<ul>\n<li>Kripa, Venise (It)<\/li>\n<li>Roche Bobois, Paris<\/li>\n<li>Ticchioni Michel r\u00e9sidence, Nice<\/li>\n<li>Benhaim Apartement en villa Lairolle, Nice<\/li>\n<li>Villa \u2013 studio Avocat Borraccino, Roma (It)<\/li>\n<li>Hbs, Roma (It)<\/li>\n<li>Nvea Event, Milan (IT)<\/li>\n<li>Mom espace Wellness, Vcenza (IT)<\/li>\n<li>Tecnolab stand, Vicenza<\/li>\n<li>Mus\u00e9e Ornothologique, Marostica (Vi \u2013 It)<\/li>\n<li>Mus\u00e9e Naturalistique, Ovaro (IT)<\/li>\n<li>B-Live, Padova (IT)<\/li>\n<li>Mooder, Video design system<\/li>\n<\/ul>\n<p>[\/vc_column_text]\t\t\t\t\t\t\t<\/div>\r\n\t\t\t\t\t\t<\/div>\r\n\t\t\t\t\t<\/div>\r\n\t\t\t\t<\/div>\r\n\t\t\t<\/div>\r\n\t\t[\/vc_column][\/vc_row][vc_row heading_color=\u00a0\u00bbdark\u00a0\u00bb padding_top_multiplier=\u00a0\u00bb4x\u00a0\u00bb padding_bottom_multiplier=\u00a0\u00bb2x\u00a0\u00bb equal_column_height=\u00a0\u00bbmiddle-content\u00a0\u00bb][vc_column vertical_content_position=\u00a0\u00bbbottom\u00a0\u00bb width=\u00a0\u00bb1\/3&Prime;][vc_custom_heading text=\u00a0\u00bb<\/p>\n<h2>L&rsquo;Equipe<\/h2>\n<p>\u00a0\u00bb font_container=\u00a0\u00bbtag:h2|text_align:center\u00a0\u00bb use_theme_fonts=\u00a0\u00bbyes\u00a0\u00bb][vc_custom_heading text=\u00a0\u00bbUne \u00e9xperience tr\u00eas fort dans le s\u00e9cteur, une equipe pr\u00e9par\u00e9 et comp\u00e9tent.\u00a0\u00bb font_container=\u00a0\u00bbtag:p|text_align:left\u00a0\u00bb use_theme_fonts=\u00a0\u00bbyes\u00a0\u00bb][\/vc_column][vc_column width=\u00a0\u00bb2\/3&Prime;]<div class=\"eut-element eut-image eut-align-center\" style=\"\">  <div class=\"eut-image-wrapper\"><img width=\"2880\" height=\"1451\" src=\"https:\/\/www.farmacia-italiana.it\/wp-content\/uploads\/2019\/04\/team.jpg\" class=\"attachment-full size-full\" alt=\"\" loading=\"lazy\" srcset=\"https:\/\/www.farmacia-italiana.it\/wp-content\/uploads\/2019\/04\/team.jpg 2880w, https:\/\/www.farmacia-italiana.it\/wp-content\/uploads\/2019\/04\/team-300x151.jpg 300w, https:\/\/www.farmacia-italiana.it\/wp-content\/uploads\/2019\/04\/team-768x387.jpg 768w, https:\/\/www.farmacia-italiana.it\/wp-content\/uploads\/2019\/04\/team-1024x516.jpg 1024w, https:\/\/www.farmacia-italiana.it\/wp-content\/uploads\/2019\/04\/team-1920x967.jpg 1920w\" sizes=\"(max-width: 2880px) 100vw, 2880px\" \/>   <\/div><\/div>[\/vc_column][\/vc_row][vc_row padding_top_multiplier=\u00a0\u00bb2x\u00a0\u00bb padding_bottom_multiplier=\u00a0\u00bb2x\u00a0\u00bb columns_gap=\u00a0\u00bb60&Prime; equal_column_height=\u00a0\u00bbequal-column\u00a0\u00bb][vc_column width=\u00a0\u00bb1\/3&Prime;][vc_column_text]<\/p>\n<h3>Support<\/h3>\n<p>[\/vc_column_text]<div class=\"eut-element eut-divider eut-align-left\" style=\"padding-top: 10px;padding-bottom: 20px;\"><span class=\"eut-custom-divider eut-bg-custom\" style=\"width: 50px;height: 3px;background-color: #161616;\"><\/span><\/div>[vc_column_text]Une equipe de professionists a disposition du pharmaciste compos\u00e9e de marketing operators, architects et int\u00e9riors designer, 3D artist, visual merchandiser. Une projectation qui donne valeur aux espaces, finalis\u00e9 a l&rsquo;accruatre des opportunit\u00e9s de vente et la comunication corr\u00e9ct de l&rsquo;assortiment, les promotions et les services.[\/vc_column_text][\/vc_column][vc_column width=\u00a0\u00bb1\/3&Prime;][vc_column_text]<\/p>\n<h3>Project<\/h3>\n<p>[\/vc_column_text]<div class=\"eut-element eut-divider eut-align-left\" style=\"padding-top: 10px;padding-bottom: 20px;\"><span class=\"eut-custom-divider eut-bg-custom\" style=\"width: 50px;height: 3px;background-color: #161616;\"><\/span><\/div>[vc_column_text]Projectists, equipe de production et artisans suivent l&rsquo;\u00e9volution du produits, ame du project. D\u00e9veloppement et design: Maxime functionalit\u00e9, flessibilit\u00e9, comunicativit\u00e9 et facilit\u00e9 compositif. L&rsquo;attention a l&rsquo;\u00e8volution t\u00e9chnologique, associ\u00e9 au control qualitatif, permet de donner forme a nos id\u00e9es.[\/vc_column_text][\/vc_column][vc_column width=\u00a0\u00bb1\/3&Prime;][vc_column_text]<\/p>\n<h3>Montage<\/h3>\n<p>[\/vc_column_text]<div class=\"eut-element eut-divider eut-align-left\" style=\"padding-top: 10px;padding-bottom: 20px;\"><span class=\"eut-custom-divider eut-bg-custom\" style=\"width: 50px;height: 3px;background-color: #161616;\"><\/span><\/div>[vc_column_text]A disposition une equipe d&rsquo;all\u00e9stiteurs \u00e9xperts. La formations de nos equipes de montages est une garanties qui permie l&rsquo;optimisations des temps, des prixs et assure la p\u00e9rfection de l&rsquo;installation des meubles, surmontand les limits du \u201cs\u00e8rial\u201d.[\/vc_column_text][\/vc_column][\/vc_row][vc_row][vc_column][\/vc_column][\/vc_row][vc_row bg_type=\u00a0\u00bbcolor\u00a0\u00bb padding_top_multiplier=\u00a0\u00bb3x\u00a0\u00bb padding_bottom_multiplier=\u00a0\u00bb3x\u00a0\u00bb bg_color=\u00a0\u00bb#252525&Prime;][vc_column width=\u00a0\u00bb1\/6&Prime;][\/vc_column][vc_column width=\u00a0\u00bb2\/3&Prime; text_align=\u00a0\u00bbcenter\u00a0\u00bb][vc_column_text el_class=\u00a0\u00bbtext-white\u00a0\u00bb css=\u00a0\u00bb.vc_custom_1564334382720{margin-bottom: 4em !important;}\u00a0\u00bb]<\/p>\n<h3>Farmacia Italiana, fort de sa r\u00e9alit\u00e9 productive en Italy, s&rsquo;ouvre et consolide un march\u00e9 \u00e9tranger int\u00e9ress\u00e9 a la recherche du Made in Italy de qualit\u00e9.<\/h3>\n<p>[\/vc_column_text]<div class=\"eut-element eut-align-center\"><a href=\"http:\/\/www.farmacia-italiana.it\/fr\/contatti\/\" title=\"VIENS NOUS CONA\u00ceTRE\" class=\"eut-btn eut-btn-extralarge eut-extra-round eut-bg-white eut-bg-hover-white eut-btn-line\"><span>VIENS NOUS CONA\u00ceTRE<\/span><\/a><\/div>[\/vc_column][vc_column width=\u00a0\u00bb1\/6&Prime;][\/vc_column][\/vc_row]<\/p>\n","protected":false},"excerpt":{"rendered":"<p>[vc_row padding_top_multiplier=\u00a0\u00bb2x\u00a0\u00bb padding_bottom_multiplier=\u00a0\u00bb2x\u00a0\u00bb equal_column_height=\u00a0\u00bbmiddle-content\u00a0\u00bb][vc_column width=\u00a0\u00bb1\/3&Prime;][vc_custom_heading text=\u00a0\u00bbFarmacia Italiana\u00a0\u00bb font_container=\u00a0\u00bbtag:h1|text_align:left\u00a0\u00bb use_theme_fonts=\u00a0\u00bbyes\u00a0\u00bb][\/vc_column][vc_column width=\u00a0\u00bb2\/3&Prime;][vc_column_text]Farmacia Italiana est une entreprise sp\u00e9cialis\u00e9e dans le s\u00e9cteur pharmacie, sant\u00e9 et baut\u00e9. Elle propose solutions de project pens\u00e9 pour costruire r\u00e9lactions: atmosph\u00e9res originales, cr\u00e9es pour le clients, qui racconte une \u00e9motion et accompagne l&rsquo;\u00e9xperience de vente. Un parcour qui comprend analyse de march\u00e9, layout commerciales, [&hellip;]<\/p>\n","protected":false},"author":1,"featured_media":0,"parent":0,"menu_order":0,"comment_status":"closed","ping_status":"closed","template":"","meta":[],"_links":{"self":[{"href":"https:\/\/www.farmacia-italiana.it\/fr\/wp-json\/wp\/v2\/pages\/3995"}],"collection":[{"href":"https:\/\/www.farmacia-italiana.it\/fr\/wp-json\/wp\/v2\/pages"}],"about":[{"href":"https:\/\/www.farmacia-italiana.it\/fr\/wp-json\/wp\/v2\/types\/page"}],"author":[{"embeddable":true,"href":"https:\/\/www.farmacia-italiana.it\/fr\/wp-json\/wp\/v2\/users\/1"}],"replies":[{"embeddable":true,"href":"https:\/\/www.farmacia-italiana.it\/fr\/wp-json\/wp\/v2\/comments?post=3995"}],"version-history":[{"count":14,"href":"https:\/\/www.farmacia-italiana.it\/fr\/wp-json\/wp\/v2\/pages\/3995\/revisions"}],"predecessor-version":[{"id":4572,"href":"https:\/\/www.farmacia-italiana.it\/fr\/wp-json\/wp\/v2\/pages\/3995\/revisions\/4572"}],"wp:attachment":[{"href":"https:\/\/www.farmacia-italiana.it\/fr\/wp-json\/wp\/v2\/media?parent=3995"}],"curies":[{"name":"wp","href":"https:\/\/api.w.org\/{rel}","templated":true}]}}